{"id":6324,"date":"2025-04-22T14:00:43","date_gmt":"2025-04-22T17:00:43","guid":{"rendered":"https:\/\/multipedras.com.br\/?post_type=product&#038;p=6324"},"modified":"2025-07-16T09:58:12","modified_gmt":"2025-07-16T12:58:12","slug":"painel-de-bambu-134","status":"publish","type":"product","link":"https:\/\/multipedras.com.br\/?product=painel-de-bambu-134","title":{"rendered":"Painel de Bambu 134"},"content":{"rendered":"<p>Nosso lan\u00e7amento mais aguardado, o Painel de Bambu 134, chegou para transformar seus ambientes com eleg\u00e2ncia e naturalidade. Ideal para quem busca harmonia entre o design moderno e o aconchego do material natural, o painel pode ser utilizado tanto em paredes quanto teto, criando um clima sofisticado e acolhedor. Seu acabamento liso faz com que seja \u00fanico e vers\u00e1til garantindo um toque especial para qualquer ambiente interno, seja na sala de estar, no escrit\u00f3rio ou na \u00e1rea de lazer.<\/p>\n<p>Cor Natural<\/p>\n<p><strong>Instala\u00e7\u00e3o:<\/strong><\/p>\n<p>.Sistema de encaixe macho e f\u00eamea.<br \/>\n.Necess\u00e1rio tarugamento na parede ou forro para instala\u00e7\u00e3o.<\/p>\n","protected":false},"excerpt":{"rendered":"<p>Nosso lan\u00e7amento mais aguardado, o Painel de Bambu 134, chegou para transformar seus ambientes com eleg\u00e2ncia e naturalidade. Ideal para quem busca harmonia entre o design moderno e o aconchego do material natural, o painel pode ser utilizado tanto em paredes quanto teto, criando um clima sofisticado e acolhedor. Seu acabamento liso faz com que [&hellip;]<\/p>\n","protected":false},"featured_media":6445,"template":"","meta":{"_joinchat":[]},"product_brand":[],"product_cat":[289,291],"product_tag":[309],"class_list":{"0":"post-6324","1":"product","2":"type-product","3":"status-publish","4":"has-post-thumbnail","6":"product_cat-colecao-bambu","7":"product_cat-indoor","8":"product_tag-indoor","10":"first","11":"instock","12":"shipping-taxable","13":"purchasable","14":"product-type-simple"},"_links":{"self":[{"href":"https:\/\/multipedras.com.br\/index.php?rest_route=\/wp\/v2\/product\/6324","targetHints":{"allow":["GET"]}}],"collection":[{"href":"https:\/\/multipedras.com.br\/index.php?rest_route=\/wp\/v2\/product"}],"about":[{"href":"https:\/\/multipedras.com.br\/index.php?rest_route=\/wp\/v2\/types\/product"}],"version-history":[{"count":0,"href":"https:\/\/multipedras.com.br\/index.php?rest_route=\/wp\/v2\/product\/6324\/revisions"}],"wp:featuredmedia":[{"embeddable":true,"href":"https:\/\/multipedras.com.br\/index.php?rest_route=\/wp\/v2\/media\/6445"}],"wp:attachment":[{"href":"https:\/\/multipedras.com.br\/index.php?rest_route=%2Fwp%2Fv2%2Fmedia&parent=6324"}],"wp:term":[{"taxonomy":"product_brand","embeddable":true,"href":"https:\/\/multipedras.com.br\/index.php?rest_route=%2Fwp%2Fv2%2Fproduct_brand&post=6324"},{"taxonomy":"product_cat","embeddable":true,"href":"https:\/\/multipedras.com.br\/index.php?rest_route=%2Fwp%2Fv2%2Fproduct_cat&post=6324"},{"taxonomy":"product_tag","embeddable":true,"href":"https:\/\/multipedras.com.br\/index.php?rest_route=%2Fwp%2Fv2%2Fproduct_tag&post=6324"}],"curies":[{"name":"wp","href":"https:\/\/api.w.org\/{rel}","templated":true}]}}