{"id":6301,"date":"2025-04-22T13:59:23","date_gmt":"2025-04-22T16:59:23","guid":{"rendered":"https:\/\/multipedras.com.br\/?post_type=product&#038;p=6301"},"modified":"2025-04-22T14:10:21","modified_gmt":"2025-04-22T17:10:21","slug":"perfil-techrip","status":"publish","type":"product","link":"https:\/\/multipedras.com.br\/?product=perfil-techrip","title":{"rendered":"Perfil Techrip"},"content":{"rendered":"<p><span class=\"TextRun SCXW118684198 BCX0\" lang=\"PT-BR\" xml:lang=\"PT-BR\" data-contrast=\"auto\"><span class=\"NormalTextRun SCXW118684198 BCX0\">O Perfil <\/span><span class=\"NormalTextRun SpellingErrorV2Themed SCXW118684198 BCX0\">Techrip<\/span><span class=\"NormalTextRun SCXW118684198 BCX0\"> \u00e9 ideal para quem procura flexibilidade na cria\u00e7\u00e3o de espa\u00e7os <\/span><span class=\"NormalTextRun SCXW118684198 BCX0\">para fachadas<\/span><span class=\"NormalTextRun SCXW118684198 BCX0\">, <\/span><span class=\"NormalTextRun SCXW118684198 BCX0\">\u00e1reas externa<\/span><span class=\"NormalTextRun SCXW118684198 BCX0\">s, pergolados, divis\u00f3rias e outros tipos de aplica\u00e7\u00e3o. \u00c9<\/span><span class=\"NormalTextRun SCXW118684198 BCX0\"> extremamente resistente<\/span><span class=\"NormalTextRun SCXW118684198 BCX0\">, feitos de<\/span><span class=\"NormalTextRun SCXW118684198 BCX0\"> fibra de<\/span><span class=\"NormalTextRun SCXW118684198 BCX0\"> bambu<\/span><span class=\"NormalTextRun SCXW118684198 BCX0\"> com <\/span><span class=\"NormalTextRun SCXW118684198 BCX0\">adi\u00e7\u00e3o de pol\u00edmeros<\/span> <span class=\"NormalTextRun SpellingErrorV2Themed SCXW118684198 BCX0\">eaditivos<\/span><span class=\"NormalTextRun SCXW118684198 BCX0\">, <\/span><span class=\"NormalTextRun SCXW118684198 BCX0\">oferece durabilidade e<\/span><span class=\"NormalTextRun SCXW118684198 BCX0\"> facilidade na instala\u00e7\u00e3o<\/span><span class=\"NormalTextRun SCXW118684198 BCX0\">, ao mesmo tempo que mant\u00e9m a est\u00e9tica sofisticada e natural, perfeita para projetos que buscam um visual contempor\u00e2neo e ecol\u00f3gico.<\/span><\/span><span class=\"EOP SCXW118684198 BCX0\" data-ccp-props=\"{&quot;335551550&quot;:6,&quot;335551620&quot;:6}\">\u00a0<\/span><\/p>\n<p>Cor Teak<\/p>\n<p><strong>Instala\u00e7\u00e3o:<\/strong><\/p>\n<p>Necess\u00e1rio uso : Clip Metal H Perfil Outdoor<br \/>\n4 por pe\u00e7a de perfil<\/p>\n","protected":false},"excerpt":{"rendered":"<p><span class=\"TextRun SCXW118684198 BCX0\" lang=\"PT-BR\" xml:lang=\"PT-BR\" data-contrast=\"auto\"><span class=\"NormalTextRun SCXW118684198 BCX0\">O Perfil <\/span><span class=\"NormalTextRun SpellingErrorV2Themed SCXW118684198 BCX0\">Techrip<\/span><span class=\"NormalTextRun SCXW118684198 BCX0\"> \u00e9 ideal para quem procura flexibilidade na cria\u00e7\u00e3o de espa\u00e7os <\/span><span class=\"NormalTextRun SCXW118684198 BCX0\">para fachadas<\/span><span class=\"NormalTextRun SCXW118684198 BCX0\">, <\/span><span class=\"NormalTextRun SCXW118684198 BCX0\">\u00e1reas externa<\/span><span class=\"NormalTextRun SCXW118684198 BCX0\">s, pergolados, divis\u00f3rias e outros tipos de aplica\u00e7\u00e3o.<\/span><\/span><\/p>\n","protected":false},"featured_media":6435,"template":"","meta":{"_joinchat":[]},"product_brand":[],"product_cat":[294,297],"product_tag":[],"class_list":{"0":"post-6301","1":"product","2":"type-product","3":"status-publish","4":"has-post-thumbnail","6":"product_cat-colecao-techrip","7":"product_cat-outdoor-colecao-techrip","9":"first","10":"instock","11":"shipping-taxable","12":"purchasable","13":"product-type-simple"},"_links":{"self":[{"href":"https:\/\/multipedras.com.br\/index.php?rest_route=\/wp\/v2\/product\/6301","targetHints":{"allow":["GET"]}}],"collection":[{"href":"https:\/\/multipedras.com.br\/index.php?rest_route=\/wp\/v2\/product"}],"about":[{"href":"https:\/\/multipedras.com.br\/index.php?rest_route=\/wp\/v2\/types\/product"}],"version-history":[{"count":0,"href":"https:\/\/multipedras.com.br\/index.php?rest_route=\/wp\/v2\/product\/6301\/revisions"}],"wp:featuredmedia":[{"embeddable":true,"href":"https:\/\/multipedras.com.br\/index.php?rest_route=\/wp\/v2\/media\/6435"}],"wp:attachment":[{"href":"https:\/\/multipedras.com.br\/index.php?rest_route=%2Fwp%2Fv2%2Fmedia&parent=6301"}],"wp:term":[{"taxonomy":"product_brand","embeddable":true,"href":"https:\/\/multipedras.com.br\/index.php?rest_route=%2Fwp%2Fv2%2Fproduct_brand&post=6301"},{"taxonomy":"product_cat","embeddable":true,"href":"https:\/\/multipedras.com.br\/index.php?rest_route=%2Fwp%2Fv2%2Fproduct_cat&post=6301"},{"taxonomy":"product_tag","embeddable":true,"href":"https:\/\/multipedras.com.br\/index.php?rest_route=%2Fwp%2Fv2%2Fproduct_tag&post=6301"}],"curies":[{"name":"wp","href":"https:\/\/api.w.org\/{rel}","templated":true}]}}