{"id":6281,"date":"2025-04-22T13:58:19","date_gmt":"2025-04-22T16:58:19","guid":{"rendered":"https:\/\/multipedras.com.br\/?post_type=product&#038;p=6281"},"modified":"2025-07-16T09:59:40","modified_gmt":"2025-07-16T12:59:40","slug":"techrip-valentino-branco","status":"publish","type":"product","link":"https:\/\/multipedras.com.br\/?product=techrip-valentino-branco","title":{"rendered":"Techrip Valentino &#8211; Branco"},"content":{"rendered":"<p>Quando pensamos em eleg\u00e2ncia, pensamos no Valentino, um material que foi pensado exclusivamente para ambientes internos, ele utiliza da tecnologia em uma combina\u00e7\u00e3o de bambu com pol\u00edmeros e aditivos, oferecendo um acabamento ainda mais dur\u00e1vel e resistente. Ideal para quem busca um revestimento sofisticado e de alta performance, com excelente custo-benef\u00edcio. Perfeito para salas, escrit\u00f3rios, quartos e lavabos, o design inovador utiliza de um acabamento ripado tornando qualquer espa\u00e7o acolhedor e moderno.<\/p>\n<p><strong>Instala\u00e7\u00e3o:<\/strong><\/p>\n<p>. Encaixe macho e f\u00eamea<\/p>\n","protected":false},"excerpt":{"rendered":"<p>Quando pensamos em eleg\u00e2ncia, pensamos no Valentino, um material que foi pensado exclusivamente para ambientes internos, ele utiliza da tecnologia em uma combina\u00e7\u00e3o de bambu com pol\u00edmeros e aditivos, oferecendo um acabamento ainda mais dur\u00e1vel e resistente. Ideal para quem busca um revestimento sofisticado e de alta performance, com excelente custo-benef\u00edcio. Perfeito para salas, escrit\u00f3rios, [&hellip;]<\/p>\n","protected":false},"featured_media":6403,"template":"","meta":{"_joinchat":[]},"product_brand":[],"product_cat":[294,296],"product_tag":[],"class_list":{"0":"post-6281","1":"product","2":"type-product","3":"status-publish","4":"has-post-thumbnail","6":"product_cat-colecao-techrip","7":"product_cat-indoor-colecao-techrip","9":"first","10":"instock","11":"shipping-taxable","12":"purchasable","13":"product-type-simple"},"_links":{"self":[{"href":"https:\/\/multipedras.com.br\/index.php?rest_route=\/wp\/v2\/product\/6281","targetHints":{"allow":["GET"]}}],"collection":[{"href":"https:\/\/multipedras.com.br\/index.php?rest_route=\/wp\/v2\/product"}],"about":[{"href":"https:\/\/multipedras.com.br\/index.php?rest_route=\/wp\/v2\/types\/product"}],"version-history":[{"count":0,"href":"https:\/\/multipedras.com.br\/index.php?rest_route=\/wp\/v2\/product\/6281\/revisions"}],"wp:featuredmedia":[{"embeddable":true,"href":"https:\/\/multipedras.com.br\/index.php?rest_route=\/wp\/v2\/media\/6403"}],"wp:attachment":[{"href":"https:\/\/multipedras.com.br\/index.php?rest_route=%2Fwp%2Fv2%2Fmedia&parent=6281"}],"wp:term":[{"taxonomy":"product_brand","embeddable":true,"href":"https:\/\/multipedras.com.br\/index.php?rest_route=%2Fwp%2Fv2%2Fproduct_brand&post=6281"},{"taxonomy":"product_cat","embeddable":true,"href":"https:\/\/multipedras.com.br\/index.php?rest_route=%2Fwp%2Fv2%2Fproduct_cat&post=6281"},{"taxonomy":"product_tag","embeddable":true,"href":"https:\/\/multipedras.com.br\/index.php?rest_route=%2Fwp%2Fv2%2Fproduct_tag&post=6281"}],"curies":[{"name":"wp","href":"https:\/\/api.w.org\/{rel}","templated":true}]}}