{"id":6275,"date":"2025-04-22T13:58:19","date_gmt":"2025-04-22T16:58:19","guid":{"rendered":"https:\/\/multipedras.com.br\/?post_type=product&#038;p=6275"},"modified":"2025-07-16T09:57:24","modified_gmt":"2025-07-16T12:57:24","slug":"deck-techrip-cinza","status":"publish","type":"product","link":"https:\/\/multipedras.com.br\/?product=deck-techrip-cinza","title":{"rendered":"Deck Techrip &#8211; Cinza"},"content":{"rendered":"<p><span class=\"TextRun SCXW207526055 BCX0\" lang=\"PT-BR\" xml:lang=\"PT-BR\" data-contrast=\"auto\"><span class=\"NormalTextRun SCXW207526055 BCX0\">O <\/span><span class=\"NormalTextRun SCXW207526055 BCX0\">Deck <\/span><span class=\"NormalTextRun SpellingErrorV2Themed SCXW207526055 BCX0\">Techrip<\/span> <span class=\"NormalTextRun SCXW207526055 BCX0\">\u00e9 <\/span><span class=\"NormalTextRun SCXW207526055 BCX0\">a op\u00e7\u00e3o perfeita para quem busca uma<\/span><span class=\"NormalTextRun SCXW207526055 BCX0\"> solu\u00e7\u00e3o de alto desempenho para <\/span><span class=\"NormalTextRun SCXW207526055 BCX0\">decks em <\/span><span class=\"NormalTextRun SCXW207526055 BCX0\">\u00e1reas externas. A combina\u00e7\u00e3o do bambu com pol\u00edmeros e aditivos torna este <\/span><span class=\"NormalTextRun SCXW207526055 BCX0\">pis<\/span><span class=\"NormalTextRun SCXW207526055 BCX0\">o altamente resistente \u00e0 \u00e1gua<\/span><span class=\"NormalTextRun SCXW207526055 BCX0\">, sol<\/span><span class=\"NormalTextRun SCXW207526055 BCX0\"> e a mudan\u00e7as clim\u00e1ticas, al\u00e9m de garantir a durabilidade ao longo do tempo. Perfeito para jardins, varandas e \u00e1reas de lazer, proporcionando um ambiente sofisticado e sustent\u00e1vel<\/span><span class=\"NormalTextRun SCXW207526055 BCX0\">.<\/span><\/span><span class=\"EOP SCXW207526055 BCX0\" data-ccp-props=\"{&quot;335551550&quot;:6,&quot;335551620&quot;:6}\">\u00a0<\/span><\/p>\n<p><strong>Instala\u00e7\u00e3o:<\/strong><\/p>\n<p>.Necess\u00e1rio uso do clip<br \/>\n.Necess\u00e1rio uso de clip em J nas extremidades do deck<br \/>\n.Espa\u00e7amento de 3cm em 3cm em cada pe\u00e7a<br \/>\n.Necess\u00e1rio utilizar os barrotes<\/p>\n","protected":false},"excerpt":{"rendered":"<p><span class=\"TextRun SCXW207526055 BCX0\" lang=\"PT-BR\" xml:lang=\"PT-BR\" data-contrast=\"auto\"><span class=\"NormalTextRun SCXW207526055 BCX0\">O <\/span><span class=\"NormalTextRun SCXW207526055 BCX0\">Deck <\/span><span class=\"NormalTextRun SpellingErrorV2Themed SCXW207526055 BCX0\">Techrip<\/span> <span class=\"NormalTextRun SCXW207526055 BCX0\">\u00e9 <\/span><span class=\"NormalTextRun SCXW207526055 BCX0\">a op\u00e7\u00e3o perfeita para quem busca uma<\/span><span class=\"NormalTextRun SCXW207526055 BCX0\"> solu\u00e7\u00e3o de alto desempenho para <\/span><span class=\"NormalTextRun SCXW207526055 BCX0\">decks em <\/span><span class=\"NormalTextRun SCXW207526055 BCX0\">\u00e1reas externas.<\/span><\/span><\/p>\n","protected":false},"featured_media":6378,"template":"","meta":{"_joinchat":[]},"product_brand":[],"product_cat":[294,295],"product_tag":[],"class_list":{"0":"post-6275","1":"product","2":"type-product","3":"status-publish","4":"has-post-thumbnail","6":"product_cat-colecao-techrip","7":"product_cat-deck-colecao-techrip","9":"first","10":"instock","11":"shipping-taxable","12":"purchasable","13":"product-type-simple"},"_links":{"self":[{"href":"https:\/\/multipedras.com.br\/index.php?rest_route=\/wp\/v2\/product\/6275","targetHints":{"allow":["GET"]}}],"collection":[{"href":"https:\/\/multipedras.com.br\/index.php?rest_route=\/wp\/v2\/product"}],"about":[{"href":"https:\/\/multipedras.com.br\/index.php?rest_route=\/wp\/v2\/types\/product"}],"version-history":[{"count":0,"href":"https:\/\/multipedras.com.br\/index.php?rest_route=\/wp\/v2\/product\/6275\/revisions"}],"wp:featuredmedia":[{"embeddable":true,"href":"https:\/\/multipedras.com.br\/index.php?rest_route=\/wp\/v2\/media\/6378"}],"wp:attachment":[{"href":"https:\/\/multipedras.com.br\/index.php?rest_route=%2Fwp%2Fv2%2Fmedia&parent=6275"}],"wp:term":[{"taxonomy":"product_brand","embeddable":true,"href":"https:\/\/multipedras.com.br\/index.php?rest_route=%2Fwp%2Fv2%2Fproduct_brand&post=6275"},{"taxonomy":"product_cat","embeddable":true,"href":"https:\/\/multipedras.com.br\/index.php?rest_route=%2Fwp%2Fv2%2Fproduct_cat&post=6275"},{"taxonomy":"product_tag","embeddable":true,"href":"https:\/\/multipedras.com.br\/index.php?rest_route=%2Fwp%2Fv2%2Fproduct_tag&post=6275"}],"curies":[{"name":"wp","href":"https:\/\/api.w.org\/{rel}","templated":true}]}}