{"id":6274,"date":"2025-04-22T13:58:19","date_gmt":"2025-04-22T16:58:19","guid":{"rendered":"https:\/\/multipedras.com.br\/?post_type=product&#038;p=6274"},"modified":"2025-07-16T09:57:24","modified_gmt":"2025-07-16T12:57:24","slug":"deck-de-bambu-escuro","status":"publish","type":"product","link":"https:\/\/multipedras.com.br\/?product=deck-de-bambu-escuro","title":{"rendered":"Deck de Bambu Escuro"},"content":{"rendered":"<p><span class=\"NormalTextRun SCXW51267505 BCX0\">O <\/span><span class=\"NormalTextRun SCXW51267505 BCX0\">Deck de Bambu 3D <\/span><span class=\"NormalTextRun SCXW51267505 BCX0\">proporciona um toque sofisticado e natural a \u00e1reas externas como varandas, jardins ou <\/span><span class=\"NormalTextRun SCXW51267505 BCX0\">entorno<\/span><span class=\"NormalTextRun SCXW51267505 BCX0\"> de piscina. A resist\u00eancia do bambu, combinada <\/span><span class=\"NormalTextRun SCXW51267505 BCX0\">com sua apar\u00eancia \u00fanica, oferece um espa\u00e7o que \u00e9 tanto acolhedor quanto funcional, perfeito para projetos de paisagismo <\/span><span class=\"NormalTextRun SCXW51267505 BCX0\">e<\/span><span class=\"NormalTextRun SCXW51267505 BCX0\"> lazer ao ar livre, enquanto promove um design sustent\u00e1vel e de alta performance<\/span><span class=\"NormalTextRun SCXW51267505 BCX0\">.<\/span><\/p>\n<p><strong>Instala\u00e7\u00e3o:<\/strong><\/p>\n<p>.Necess\u00e1rio uso de clips de metal piso de deck &#8211; M30<br \/>\n.Necess\u00e1rio uso de clip em J nas extremidades do deck<br \/>\n.Espa\u00e7amento de 3cm em 3cm entre cada pe\u00e7a<br \/>\n.Necess\u00e1rio utilizar os barrotes para suporte das pe\u00e7as<\/p>\n","protected":false},"excerpt":{"rendered":"<p><span class=\"NormalTextRun SCXW51267505 BCX0\">O <\/span><span class=\"NormalTextRun SCXW51267505 BCX0\">Deck de Bambu 3D <\/span><span class=\"NormalTextRun SCXW51267505 BCX0\">proporciona um toque sofisticado e natural a \u00e1reas externas como varandas, jardins ou <\/span><span class=\"NormalTextRun SCXW51267505 BCX0\">entorno<\/span><span class=\"NormalTextRun SCXW51267505 BCX0\"> de piscina. <\/span><\/p>\n","protected":false},"featured_media":6374,"template":"","meta":{"_joinchat":[]},"product_brand":[],"product_cat":[289,290],"product_tag":[],"class_list":{"0":"post-6274","1":"product","2":"type-product","3":"status-publish","4":"has-post-thumbnail","6":"product_cat-colecao-bambu","7":"product_cat-deck","9":"first","10":"instock","11":"shipping-taxable","12":"purchasable","13":"product-type-simple"},"_links":{"self":[{"href":"https:\/\/multipedras.com.br\/index.php?rest_route=\/wp\/v2\/product\/6274","targetHints":{"allow":["GET"]}}],"collection":[{"href":"https:\/\/multipedras.com.br\/index.php?rest_route=\/wp\/v2\/product"}],"about":[{"href":"https:\/\/multipedras.com.br\/index.php?rest_route=\/wp\/v2\/types\/product"}],"version-history":[{"count":0,"href":"https:\/\/multipedras.com.br\/index.php?rest_route=\/wp\/v2\/product\/6274\/revisions"}],"wp:featuredmedia":[{"embeddable":true,"href":"https:\/\/multipedras.com.br\/index.php?rest_route=\/wp\/v2\/media\/6374"}],"wp:attachment":[{"href":"https:\/\/multipedras.com.br\/index.php?rest_route=%2Fwp%2Fv2%2Fmedia&parent=6274"}],"wp:term":[{"taxonomy":"product_brand","embeddable":true,"href":"https:\/\/multipedras.com.br\/index.php?rest_route=%2Fwp%2Fv2%2Fproduct_brand&post=6274"},{"taxonomy":"product_cat","embeddable":true,"href":"https:\/\/multipedras.com.br\/index.php?rest_route=%2Fwp%2Fv2%2Fproduct_cat&post=6274"},{"taxonomy":"product_tag","embeddable":true,"href":"https:\/\/multipedras.com.br\/index.php?rest_route=%2Fwp%2Fv2%2Fproduct_tag&post=6274"}],"curies":[{"name":"wp","href":"https:\/\/api.w.org\/{rel}","templated":true}]}}