{"id":6272,"date":"2025-04-22T13:58:18","date_gmt":"2025-04-22T16:58:18","guid":{"rendered":"https:\/\/multipedras.com.br\/?post_type=product&#038;p=6272"},"modified":"2025-07-16T09:58:12","modified_gmt":"2025-07-16T12:58:12","slug":"painel-de-bambu-400","status":"publish","type":"product","link":"https:\/\/multipedras.com.br\/?product=painel-de-bambu-400","title":{"rendered":"Painel de Bambu 400"},"content":{"rendered":"<p><span class=\"TextRun SCXW211494660 BCX0\" lang=\"PT-BR\" xml:lang=\"PT-BR\" data-contrast=\"auto\"><span class=\"NormalTextRun SCXW211494660 BCX0\">Perfeitos para quem deseja integrar a natureza aos projetos externos, <\/span><span class=\"NormalTextRun SCXW211494660 BCX0\">o Painel de Bambu 400 \u00e9 ideal<\/span><span class=\"NormalTextRun SCXW211494660 BCX0\"> para fachadas<\/span><span class=\"NormalTextRun SCXW211494660 BCX0\">, <\/span><span class=\"NormalTextRun SCXW211494660 BCX0\">\u00e1reas externa<\/span><span class=\"NormalTextRun SCXW211494660 BCX0\">s, pergolados, divis\u00f3rias e outros tipos de aplica\u00e7\u00e3o. <\/span><span class=\"NormalTextRun SCXW211494660 BCX0\">\u00c9<\/span><span class=\"NormalTextRun SCXW211494660 BCX0\"> extremamente <\/span><span class=\"NormalTextRun SCXW211494660 BCX0\">resistente<\/span><span class=\"NormalTextRun SCXW211494660 BCX0\">, feitos de<\/span><span class=\"NormalTextRun SCXW211494660 BCX0\"> bambu<\/span><span class=\"NormalTextRun SCXW211494660 BCX0\"> e amarra\u00e7\u00f5es met\u00e1licas, <\/span><span class=\"NormalTextRun SCXW211494660 BCX0\">oferece durabilidade e<\/span><span class=\"NormalTextRun SCXW211494660 BCX0\"> facilidade na instala\u00e7\u00e3o<\/span><span class=\"NormalTextRun SCXW211494660 BCX0\">, ao mesmo tempo que mant\u00e9m a est\u00e9tica sofisticada e natural, perfeita para projetos que buscam um visual contempor\u00e2neo e ecol\u00f3gico.<\/span><\/span><span class=\"EOP SCXW211494660 BCX0\" data-ccp-props=\"{&quot;335551550&quot;:6,&quot;335551620&quot;:6}\"><br \/>\nCor Natural<\/span><\/p>\n<p><strong>Instala\u00e7\u00e3o:<\/strong><\/p>\n<p>.Pe\u00e7as parafusadas pela parte met\u00e1lica.<\/p>\n","protected":false},"excerpt":{"rendered":"<p><span class=\"TextRun SCXW211494660 BCX0\" lang=\"PT-BR\" xml:lang=\"PT-BR\" data-contrast=\"auto\"><span class=\"NormalTextRun SCXW211494660 BCX0\">Perfeitos para quem deseja integrar a natureza aos projetos externos, <\/span><span class=\"NormalTextRun SCXW211494660 BCX0\">o Painel de Bambu 400 \u00e9 ideal<\/span><span class=\"NormalTextRun SCXW211494660 BCX0\"> para fachadas<\/span><span class=\"NormalTextRun SCXW211494660 BCX0\">, <\/span><span class=\"NormalTextRun SCXW211494660 BCX0\">\u00e1reas externa<\/span><span class=\"NormalTextRun SCXW211494660 BCX0\">s, pergolados, divis\u00f3rias e outros tipos de aplica\u00e7\u00e3o.<\/span><\/span><\/p>\n","protected":false},"featured_media":6362,"template":"","meta":{"_joinchat":[]},"product_brand":[],"product_cat":[289,292],"product_tag":[],"class_list":{"0":"post-6272","1":"product","2":"type-product","3":"status-publish","4":"has-post-thumbnail","6":"product_cat-colecao-bambu","7":"product_cat-outdoor","9":"first","10":"instock","11":"shipping-taxable","12":"purchasable","13":"product-type-simple"},"_links":{"self":[{"href":"https:\/\/multipedras.com.br\/index.php?rest_route=\/wp\/v2\/product\/6272","targetHints":{"allow":["GET"]}}],"collection":[{"href":"https:\/\/multipedras.com.br\/index.php?rest_route=\/wp\/v2\/product"}],"about":[{"href":"https:\/\/multipedras.com.br\/index.php?rest_route=\/wp\/v2\/types\/product"}],"version-history":[{"count":0,"href":"https:\/\/multipedras.com.br\/index.php?rest_route=\/wp\/v2\/product\/6272\/revisions"}],"wp:featuredmedia":[{"embeddable":true,"href":"https:\/\/multipedras.com.br\/index.php?rest_route=\/wp\/v2\/media\/6362"}],"wp:attachment":[{"href":"https:\/\/multipedras.com.br\/index.php?rest_route=%2Fwp%2Fv2%2Fmedia&parent=6272"}],"wp:term":[{"taxonomy":"product_brand","embeddable":true,"href":"https:\/\/multipedras.com.br\/index.php?rest_route=%2Fwp%2Fv2%2Fproduct_brand&post=6272"},{"taxonomy":"product_cat","embeddable":true,"href":"https:\/\/multipedras.com.br\/index.php?rest_route=%2Fwp%2Fv2%2Fproduct_cat&post=6272"},{"taxonomy":"product_tag","embeddable":true,"href":"https:\/\/multipedras.com.br\/index.php?rest_route=%2Fwp%2Fv2%2Fproduct_tag&post=6272"}],"curies":[{"name":"wp","href":"https:\/\/api.w.org\/{rel}","templated":true}]}}