{"id":6271,"date":"2025-04-22T13:58:18","date_gmt":"2025-04-22T16:58:18","guid":{"rendered":"https:\/\/multipedras.com.br\/?post_type=product&#038;p=6271"},"modified":"2025-07-16T09:59:40","modified_gmt":"2025-07-16T12:59:40","slug":"techrip-w130","status":"publish","type":"product","link":"https:\/\/multipedras.com.br\/?product=techrip-w130","title":{"rendered":"Techrip W130"},"content":{"rendered":"<p><span class=\"TextRun SCXW222117904 BCX0\" lang=\"PT-BR\" xml:lang=\"PT-BR\" data-contrast=\"auto\"><span class=\"NormalTextRun SCXW222117904 BCX0\">O W1<\/span><span class=\"NormalTextRun SCXW222117904 BCX0\">30<\/span><span class=\"NormalTextRun SCXW222117904 BCX0\"> foi pensado exclusivamente <\/span><span class=\"NormalTextRun SCXW222117904 BCX0\">para ambientes internos<\/span><span class=\"NormalTextRun SCXW222117904 BCX0\">, ele utiliza da tecnologia em uma <\/span><span class=\"NormalTextRun SCXW222117904 BCX0\">combina\u00e7\u00e3o de bambu com pol\u00edmeros e aditivos, oferecendo um acabamento ainda mais dur\u00e1vel e resistente. Ideal para quem busca um revestimento sofisticado e de alta performance, <\/span><span class=\"NormalTextRun SCXW222117904 BCX0\">com <\/span><span class=\"NormalTextRun SCXW222117904 BCX0\">excelente custo-benef\u00edcio. Perfeito para salas, escrit\u00f3rios e quartos, o design inovador<\/span><span class=\"NormalTextRun SCXW222117904 BCX0\"> utiliza de um acabamento <\/span><span class=\"NormalTextRun SCXW222117904 BCX0\">ripado<\/span><span class=\"NormalTextRun SCXW222117904 BCX0\"> tornando<\/span><span class=\"NormalTextRun SCXW222117904 BCX0\"> qualquer espa\u00e7o acolhedor e moderno<\/span><span class=\"NormalTextRun SCXW222117904 BCX0\">.<\/span><\/span><span class=\"EOP SCXW222117904 BCX0\" data-ccp-props=\"{&quot;335551550&quot;:6,&quot;335551620&quot;:6}\"><br \/>\n<\/span><\/p>\n<p>Cor Teak<\/p>\n<p><strong>Instala\u00e7\u00e3o:<\/strong><\/p>\n<p>.Encaixe macho e f\u00eamea.<\/p>\n","protected":false},"excerpt":{"rendered":"<p><span class=\"TextRun SCXW222117904 BCX0\" lang=\"PT-BR\" xml:lang=\"PT-BR\" data-contrast=\"auto\"><span class=\"NormalTextRun SCXW222117904 BCX0\">O W1<\/span><span class=\"NormalTextRun SCXW222117904 BCX0\">30<\/span><span class=\"NormalTextRun SCXW222117904 BCX0\"> foi pensado exclusivamente <\/span><span class=\"NormalTextRun SCXW222117904 BCX0\">para ambientes internos<\/span><span class=\"NormalTextRun SCXW222117904 BCX0\">, ele utiliza da tecnologia em uma <\/span><span class=\"NormalTextRun SCXW222117904 BCX0\">combina\u00e7\u00e3o de bambu com pol\u00edmeros e aditivos, oferecendo um acabamento ainda mais dur\u00e1vel e resistente.<\/span><\/span><\/p>\n","protected":false},"featured_media":6358,"template":"","meta":{"_joinchat":[]},"product_brand":[],"product_cat":[294,296],"product_tag":[],"class_list":{"0":"post-6271","1":"product","2":"type-product","3":"status-publish","4":"has-post-thumbnail","6":"product_cat-colecao-techrip","7":"product_cat-indoor-colecao-techrip","9":"first","10":"instock","11":"shipping-taxable","12":"purchasable","13":"product-type-simple"},"_links":{"self":[{"href":"https:\/\/multipedras.com.br\/index.php?rest_route=\/wp\/v2\/product\/6271","targetHints":{"allow":["GET"]}}],"collection":[{"href":"https:\/\/multipedras.com.br\/index.php?rest_route=\/wp\/v2\/product"}],"about":[{"href":"https:\/\/multipedras.com.br\/index.php?rest_route=\/wp\/v2\/types\/product"}],"version-history":[{"count":0,"href":"https:\/\/multipedras.com.br\/index.php?rest_route=\/wp\/v2\/product\/6271\/revisions"}],"wp:featuredmedia":[{"embeddable":true,"href":"https:\/\/multipedras.com.br\/index.php?rest_route=\/wp\/v2\/media\/6358"}],"wp:attachment":[{"href":"https:\/\/multipedras.com.br\/index.php?rest_route=%2Fwp%2Fv2%2Fmedia&parent=6271"}],"wp:term":[{"taxonomy":"product_brand","embeddable":true,"href":"https:\/\/multipedras.com.br\/index.php?rest_route=%2Fwp%2Fv2%2Fproduct_brand&post=6271"},{"taxonomy":"product_cat","embeddable":true,"href":"https:\/\/multipedras.com.br\/index.php?rest_route=%2Fwp%2Fv2%2Fproduct_cat&post=6271"},{"taxonomy":"product_tag","embeddable":true,"href":"https:\/\/multipedras.com.br\/index.php?rest_route=%2Fwp%2Fv2%2Fproduct_tag&post=6271"}],"curies":[{"name":"wp","href":"https:\/\/api.w.org\/{rel}","templated":true}]}}