{"id":6269,"date":"2025-04-22T13:58:18","date_gmt":"2025-04-22T16:58:18","guid":{"rendered":"https:\/\/multipedras.com.br\/?post_type=product&#038;p=6269"},"modified":"2025-11-29T12:00:28","modified_gmt":"2025-11-29T15:00:28","slug":"painel-de-bambu-140-natural","status":"publish","type":"product","link":"https:\/\/multipedras.com.br\/?product=painel-de-bambu-140-natural","title":{"rendered":"Painel de Bambu 140 &#8211; Natural"},"content":{"rendered":"<p><span class=\"TextRun SCXW92070277 BCX0\" lang=\"PT-BR\" xml:lang=\"PT-BR\" data-contrast=\"auto\"><span class=\"NormalTextRun SCXW92070277 BCX0\">Com o <\/span><span class=\"NormalTextRun SCXW92070277 BCX0\">Painel de Bambu 140<\/span><span class=\"NormalTextRun SCXW92070277 BCX0\">, seus ambientes ganham um toque de sofistica\u00e7\u00e3o e aconchego. Feito com bambu de alta qualidade, este produto \u00e9 perfeito para quem busca um design moderno e resistente, ideal para aplica\u00e7\u00e3o em paredes e forros. A beleza natural dos ripados combina com a robustez do material, garantindo um acabamento impec\u00e1vel e duradouro, enquanto sua f\u00e1cil instala\u00e7\u00e3o torna o processo ainda mais pr\u00e1tico e \u00e1gil. Seja em salas, quartos ou escrit\u00f3rios, esse revestimento transforma qualquer espa\u00e7o em um ambiente acolhedor e elegante.<\/span><\/span><span class=\"EOP SCXW92070277 BCX0\" data-ccp-props=\"{&quot;335551550&quot;:6,&quot;335551620&quot;:6}\">\u00a0<\/span><\/p>\n<p><strong>Instala\u00e7\u00e3o:<\/strong><\/p>\n<p>.Pe\u00e7as em encontros<br \/>\n.Necess\u00e1rio tarugamento na parede ou forro para instala\u00e7\u00e3o.<\/p>\n","protected":false},"excerpt":{"rendered":"<p><span class=\"TextRun SCXW92070277 BCX0\" lang=\"PT-BR\" xml:lang=\"PT-BR\" data-contrast=\"auto\"><span class=\"NormalTextRun SCXW92070277 BCX0\">Com o <\/span><span class=\"NormalTextRun SCXW92070277 BCX0\">Painel de Bambu 140<\/span><span class=\"NormalTextRun SCXW92070277 BCX0\">, seus ambientes ganham um toque de sofistica\u00e7\u00e3o e aconchego.<\/span><\/span><\/p>\n","protected":false},"featured_media":6342,"template":"","meta":{"_joinchat":[]},"product_brand":[],"product_cat":[348,289,291],"product_tag":[],"class_list":{"0":"post-6269","1":"product","2":"type-product","3":"status-publish","4":"has-post-thumbnail","6":"product_cat-black-friday","7":"product_cat-colecao-bambu","8":"product_cat-indoor","10":"first","11":"instock","12":"shipping-taxable","13":"purchasable","14":"product-type-simple"},"_links":{"self":[{"href":"https:\/\/multipedras.com.br\/index.php?rest_route=\/wp\/v2\/product\/6269","targetHints":{"allow":["GET"]}}],"collection":[{"href":"https:\/\/multipedras.com.br\/index.php?rest_route=\/wp\/v2\/product"}],"about":[{"href":"https:\/\/multipedras.com.br\/index.php?rest_route=\/wp\/v2\/types\/product"}],"version-history":[{"count":1,"href":"https:\/\/multipedras.com.br\/index.php?rest_route=\/wp\/v2\/product\/6269\/revisions"}],"predecessor-version":[{"id":7464,"href":"https:\/\/multipedras.com.br\/index.php?rest_route=\/wp\/v2\/product\/6269\/revisions\/7464"}],"wp:featuredmedia":[{"embeddable":true,"href":"https:\/\/multipedras.com.br\/index.php?rest_route=\/wp\/v2\/media\/6342"}],"wp:attachment":[{"href":"https:\/\/multipedras.com.br\/index.php?rest_route=%2Fwp%2Fv2%2Fmedia&parent=6269"}],"wp:term":[{"taxonomy":"product_brand","embeddable":true,"href":"https:\/\/multipedras.com.br\/index.php?rest_route=%2Fwp%2Fv2%2Fproduct_brand&post=6269"},{"taxonomy":"product_cat","embeddable":true,"href":"https:\/\/multipedras.com.br\/index.php?rest_route=%2Fwp%2Fv2%2Fproduct_cat&post=6269"},{"taxonomy":"product_tag","embeddable":true,"href":"https:\/\/multipedras.com.br\/index.php?rest_route=%2Fwp%2Fv2%2Fproduct_tag&post=6269"}],"curies":[{"name":"wp","href":"https:\/\/api.w.org\/{rel}","templated":true}]}}