{"id":6267,"date":"2025-04-22T13:58:18","date_gmt":"2025-04-22T16:58:18","guid":{"rendered":"https:\/\/multipedras.com.br\/?post_type=product&#038;p=6267"},"modified":"2025-11-29T12:00:47","modified_gmt":"2025-11-29T15:00:47","slug":"painel-de-bambu-110-natural","status":"publish","type":"product","link":"https:\/\/multipedras.com.br\/?product=painel-de-bambu-110-natural","title":{"rendered":"Painel de Bambu 110 &#8211; Natural"},"content":{"rendered":"<p><span class=\"TextRun SCXW40238752 BCX0\" lang=\"PT-BR\" xml:lang=\"PT-BR\" data-contrast=\"auto\"><span class=\"NormalTextRun SCXW40238752 BCX0\">O <\/span><span class=\"NormalTextRun SCXW40238752 BCX0\">Painel de Bambu 110, presente na <\/span><span class=\"NormalTextRun SCXW40238752 BCX0\">Cole\u00e7\u00e3o Bambu<\/span><span class=\"NormalTextRun SCXW40238752 BCX0\"> \u00e9 ideal<\/span><span class=\"NormalTextRun SCXW40238752 BCX0\"> para ambientes internos<\/span><span class=\"NormalTextRun SCXW40238752 BCX0\"> que buscam<\/span><span class=\"NormalTextRun SCXW40238752 BCX0\"> traze<\/span><span class=\"NormalTextRun SCXW40238752 BCX0\">r<\/span><span class=\"NormalTextRun SCXW40238752 BCX0\"> a beleza natural da fibra de bambu para dentro do seu espa\u00e7o. Com uma textura \u00fanica e acabamento sofisticado, os pain\u00e9is ripados oferecem uma sensa\u00e7\u00e3o acolhedora que se adapta a qualquer estilo de decora\u00e7\u00e3o. Ideal para salas, quartos e escrit\u00f3rios, essa op\u00e7\u00e3o alia resist\u00eancia <\/span><span class=\"NormalTextRun SCXW40238752 BCX0\">com a facilidade da instala\u00e7\u00e3o<\/span><span class=\"NormalTextRun SCXW40238752 BCX0\">, criando um ambiente confort\u00e1vel e visualmente impressionante.<\/span><\/span><span class=\"EOP SCXW40238752 BCX0\" data-ccp-props=\"{&quot;335551550&quot;:6,&quot;335551620&quot;:6}\">\u00a0<\/span><\/p>\n<p><strong>Instala\u00e7\u00e3o:<\/strong><\/p>\n<p>.Sistema de encaixe macho e f\u00eamea.<br \/>\n.Necess\u00e1rio tarugamento na parede ou forro para instala\u00e7\u00e3o.<\/p>\n<p>&nbsp;<\/p>\n","protected":false},"excerpt":{"rendered":"<p><span class=\"TextRun SCXW40238752 BCX0\" lang=\"PT-BR\" xml:lang=\"PT-BR\" data-contrast=\"auto\"><span class=\"NormalTextRun SCXW40238752 BCX0\">O <\/span><span class=\"NormalTextRun SCXW40238752 BCX0\">Painel de Bambu 110, presente na <\/span><span class=\"NormalTextRun SCXW40238752 BCX0\">Cole\u00e7\u00e3o Bambu<\/span><span class=\"NormalTextRun SCXW40238752 BCX0\"> \u00e9 ideal<\/span><span class=\"NormalTextRun SCXW40238752 BCX0\"> para ambientes internos<\/span><span class=\"NormalTextRun SCXW40238752 BCX0\"> que buscam<\/span><span class=\"NormalTextRun SCXW40238752 BCX0\"> traze<\/span><span class=\"NormalTextRun SCXW40238752 BCX0\">r<\/span><span class=\"NormalTextRun SCXW40238752 BCX0\"> a beleza natural da fibra de bambu para dentro do seu espa\u00e7o.<\/span><\/span><\/p>\n","protected":false},"featured_media":6330,"template":"","meta":{"_joinchat":[]},"product_brand":[],"product_cat":[348,289,291],"product_tag":[],"class_list":{"0":"post-6267","1":"product","2":"type-product","3":"status-publish","4":"has-post-thumbnail","6":"product_cat-black-friday","7":"product_cat-colecao-bambu","8":"product_cat-indoor","10":"first","11":"instock","12":"shipping-taxable","13":"purchasable","14":"product-type-simple"},"_links":{"self":[{"href":"https:\/\/multipedras.com.br\/index.php?rest_route=\/wp\/v2\/product\/6267","targetHints":{"allow":["GET"]}}],"collection":[{"href":"https:\/\/multipedras.com.br\/index.php?rest_route=\/wp\/v2\/product"}],"about":[{"href":"https:\/\/multipedras.com.br\/index.php?rest_route=\/wp\/v2\/types\/product"}],"version-history":[{"count":1,"href":"https:\/\/multipedras.com.br\/index.php?rest_route=\/wp\/v2\/product\/6267\/revisions"}],"predecessor-version":[{"id":7466,"href":"https:\/\/multipedras.com.br\/index.php?rest_route=\/wp\/v2\/product\/6267\/revisions\/7466"}],"wp:featuredmedia":[{"embeddable":true,"href":"https:\/\/multipedras.com.br\/index.php?rest_route=\/wp\/v2\/media\/6330"}],"wp:attachment":[{"href":"https:\/\/multipedras.com.br\/index.php?rest_route=%2Fwp%2Fv2%2Fmedia&parent=6267"}],"wp:term":[{"taxonomy":"product_brand","embeddable":true,"href":"https:\/\/multipedras.com.br\/index.php?rest_route=%2Fwp%2Fv2%2Fproduct_brand&post=6267"},{"taxonomy":"product_cat","embeddable":true,"href":"https:\/\/multipedras.com.br\/index.php?rest_route=%2Fwp%2Fv2%2Fproduct_cat&post=6267"},{"taxonomy":"product_tag","embeddable":true,"href":"https:\/\/multipedras.com.br\/index.php?rest_route=%2Fwp%2Fv2%2Fproduct_tag&post=6267"}],"curies":[{"name":"wp","href":"https:\/\/api.w.org\/{rel}","templated":true}]}}