{"id":6265,"date":"2025-04-22T13:58:18","date_gmt":"2025-04-22T16:58:18","guid":{"rendered":"https:\/\/multipedras.com.br\/?post_type=product&#038;p=6265"},"modified":"2025-07-16T09:57:54","modified_gmt":"2025-07-16T12:57:54","slug":"painel-de-bambu-103","status":"publish","type":"product","link":"https:\/\/multipedras.com.br\/?product=painel-de-bambu-103","title":{"rendered":"Painel de Bambu 103"},"content":{"rendered":"<p><span class=\"TextRun SCXW163517234 BCX0\" lang=\"PT-BR\" xml:lang=\"PT-BR\" data-contrast=\"auto\"><span class=\"NormalTextRun SCXW163517234 BCX0\">O Painel de Bambu 103<\/span><span class=\"NormalTextRun SCXW163517234 BCX0\">, <\/span><span class=\"NormalTextRun SCXW163517234 BCX0\">diferente de muitos materiais no mercado tem o acabamento de r\u00e9gua lisa na cor natural, fazendo com que os<\/span><span class=\"NormalTextRun SCXW163517234 BCX0\"> ambientes ganham um toque de <\/span><span class=\"NormalTextRun SCXW163517234 BCX0\">eleg\u00e2ncia e uniformidade<\/span><span class=\"NormalTextRun SCXW163517234 BCX0\">. Feito com bambu de alta qualidade<\/span><span class=\"NormalTextRun SCXW163517234 BCX0\"> e maci\u00e7o<\/span><span class=\"NormalTextRun SCXW163517234 BCX0\">, este produto \u00e9 perfeito para quem busca um design moderno e resistente, ideal para aplica\u00e7\u00e3o em paredes e forros<\/span><span class=\"NormalTextRun SCXW163517234 BCX0\">, podendo ser usado tamb\u00e9m em beirais para \u00e1rea externas e varandas cobertas<\/span><span class=\"NormalTextRun SCXW163517234 BCX0\">. A beleza natural d<\/span><span class=\"NormalTextRun SCXW163517234 BCX0\">as r\u00e9guas<\/span><span class=\"NormalTextRun SCXW163517234 BCX0\"> garant<\/span><span class=\"NormalTextRun SCXW163517234 BCX0\">e<\/span><span class=\"NormalTextRun SCXW163517234 BCX0\"> um acabamento impec\u00e1vel e duradouro, enquanto sua f\u00e1cil instala\u00e7\u00e3o torna o processo ainda mais pr\u00e1tico e \u00e1gil. Seja em <\/span><span class=\"NormalTextRun SCXW163517234 BCX0\">ambientes internos ou externos<\/span><span class=\"NormalTextRun SCXW163517234 BCX0\">, esse revestimento transforma qualquer espa\u00e7o em um ambiente acolhedor e elegante.<\/span><\/span><span class=\"EOP SCXW163517234 BCX0\" data-ccp-props=\"{&quot;335551550&quot;:6,&quot;335551620&quot;:6}\"><br \/>\nCor Natural<\/span><\/p>\n<p><strong>Instala\u00e7\u00e3o:<\/strong><\/p>\n<p>.Uso de clips para a instala\u00e7\u00e3o<br \/>\n.Indicado 4 clipes por pe\u00e7a.<br \/>\n.Necess\u00e1rio tarugamento na parede ou forro para instala\u00e7\u00e3o.<\/p>\n","protected":false},"excerpt":{"rendered":"<p><span class=\"TextRun SCXW163517234 BCX0\" lang=\"PT-BR\" xml:lang=\"PT-BR\" data-contrast=\"auto\"><span class=\"NormalTextRun SCXW163517234 BCX0\">O Painel de Bambu 103<\/span><span class=\"NormalTextRun SCXW163517234 BCX0\">, <\/span><span class=\"NormalTextRun SCXW163517234 BCX0\">diferente de muitos materiais no mercado tem o acabamento de r\u00e9gua lisa na cor natural.<\/span><\/span><\/p>\n","protected":false},"featured_media":6320,"template":"","meta":{"_joinchat":[]},"product_brand":[],"product_cat":[289,292],"product_tag":[],"class_list":{"0":"post-6265","1":"product","2":"type-product","3":"status-publish","4":"has-post-thumbnail","6":"product_cat-colecao-bambu","7":"product_cat-outdoor","9":"first","10":"instock","11":"shipping-taxable","12":"purchasable","13":"product-type-simple"},"_links":{"self":[{"href":"https:\/\/multipedras.com.br\/index.php?rest_route=\/wp\/v2\/product\/6265","targetHints":{"allow":["GET"]}}],"collection":[{"href":"https:\/\/multipedras.com.br\/index.php?rest_route=\/wp\/v2\/product"}],"about":[{"href":"https:\/\/multipedras.com.br\/index.php?rest_route=\/wp\/v2\/types\/product"}],"version-history":[{"count":0,"href":"https:\/\/multipedras.com.br\/index.php?rest_route=\/wp\/v2\/product\/6265\/revisions"}],"wp:featuredmedia":[{"embeddable":true,"href":"https:\/\/multipedras.com.br\/index.php?rest_route=\/wp\/v2\/media\/6320"}],"wp:attachment":[{"href":"https:\/\/multipedras.com.br\/index.php?rest_route=%2Fwp%2Fv2%2Fmedia&parent=6265"}],"wp:term":[{"taxonomy":"product_brand","embeddable":true,"href":"https:\/\/multipedras.com.br\/index.php?rest_route=%2Fwp%2Fv2%2Fproduct_brand&post=6265"},{"taxonomy":"product_cat","embeddable":true,"href":"https:\/\/multipedras.com.br\/index.php?rest_route=%2Fwp%2Fv2%2Fproduct_cat&post=6265"},{"taxonomy":"product_tag","embeddable":true,"href":"https:\/\/multipedras.com.br\/index.php?rest_route=%2Fwp%2Fv2%2Fproduct_tag&post=6265"}],"curies":[{"name":"wp","href":"https:\/\/api.w.org\/{rel}","templated":true}]}}