{"id":6264,"date":"2025-04-22T13:58:18","date_gmt":"2025-04-22T16:58:18","guid":{"rendered":"https:\/\/multipedras.com.br\/?post_type=product&#038;p=6264"},"modified":"2025-07-16T09:59:23","modified_gmt":"2025-07-16T12:59:23","slug":"techrip-fine-wood","status":"publish","type":"product","link":"https:\/\/multipedras.com.br\/?product=techrip-fine-wood","title":{"rendered":"Techrip Fine Wood"},"content":{"rendered":"<p><span class=\"TextRun SCXW185884332 BCX0\" lang=\"PT-BR\" xml:lang=\"PT-BR\" data-contrast=\"auto\"><span class=\"NormalTextRun SCXW185884332 BCX0\">J\u00e1 o Fine Wood \u00e9 <\/span><span class=\"NormalTextRun SCXW185884332 BCX0\">para<\/span><span class=\"NormalTextRun SCXW185884332 BCX0\"> quem procura um material <\/span><span class=\"NormalTextRun SCXW185884332 BCX0\">para ambientes externos<\/span><span class=\"NormalTextRun SCXW185884332 BCX0\">, sendo a<\/span><span class=\"NormalTextRun SCXW185884332 BCX0\"> escolha ideal para quem deseja um revestimento<\/span><span class=\"NormalTextRun SCXW185884332 BCX0\"> ripado<\/span><span class=\"NormalTextRun SCXW185884332 BCX0\"> que combine est\u00e9tica e funcionalidade. A adi\u00e7\u00e3o de pol\u00edmeros a<\/span><span class=\"NormalTextRun SCXW185884332 BCX0\"> fibra do<\/span><span class=\"NormalTextRun SCXW185884332 BCX0\"> bambu proporciona maior resist\u00eancia \u00e0s intemp\u00e9ries, tornando-o perfeito para fachadas e \u00e1reas externas expostas<\/span> <span class=\"NormalTextRun SCXW185884332 BCX0\">ao sol e chuva<\/span><span class=\"NormalTextRun SCXW185884332 BCX0\">. Este material oferece uma durabilidade excepcional, mantendo a beleza e o toque natural que o bambu proporciona<\/span><span class=\"NormalTextRun SCXW185884332 BCX0\">.<\/span><\/span><span class=\"EOP SCXW185884332 BCX0\" data-ccp-props=\"{&quot;335551550&quot;:6,&quot;335551620&quot;:6}\">\u00a0<\/span><\/p>\n<p>Cor: Teak<\/p>\n<p><strong>Instala\u00e7\u00e3o:<\/strong><\/p>\n<p>Encaixe macho e f\u00eamea.<\/p>\n","protected":false},"excerpt":{"rendered":"<p><span class=\"TextRun SCXW185884332 BCX0\" lang=\"PT-BR\" xml:lang=\"PT-BR\" data-contrast=\"auto\"><span class=\"NormalTextRun SCXW185884332 BCX0\">J\u00e1 o Fine Wood \u00e9 <\/span><span class=\"NormalTextRun SCXW185884332 BCX0\">para<\/span><span class=\"NormalTextRun SCXW185884332 BCX0\"> quem procura um material <\/span><span class=\"NormalTextRun SCXW185884332 BCX0\">para ambientes externos<\/span><span class=\"NormalTextRun SCXW185884332 BCX0\">, sendo a<\/span><span class=\"NormalTextRun SCXW185884332 BCX0\"> escolha ideal para quem deseja um revestimento<\/span><span class=\"NormalTextRun SCXW185884332 BCX0\"> ripado<\/span><span class=\"NormalTextRun SCXW185884332 BCX0\"> que combine est\u00e9tica e funcionalidade.<\/span><\/span><\/p>\n","protected":false},"featured_media":6316,"template":"","meta":{"_joinchat":[]},"product_brand":[],"product_cat":[294,297],"product_tag":[],"class_list":{"0":"post-6264","1":"product","2":"type-product","3":"status-publish","4":"has-post-thumbnail","6":"product_cat-colecao-techrip","7":"product_cat-outdoor-colecao-techrip","9":"first","10":"instock","11":"shipping-taxable","12":"purchasable","13":"product-type-simple"},"_links":{"self":[{"href":"https:\/\/multipedras.com.br\/index.php?rest_route=\/wp\/v2\/product\/6264","targetHints":{"allow":["GET"]}}],"collection":[{"href":"https:\/\/multipedras.com.br\/index.php?rest_route=\/wp\/v2\/product"}],"about":[{"href":"https:\/\/multipedras.com.br\/index.php?rest_route=\/wp\/v2\/types\/product"}],"version-history":[{"count":0,"href":"https:\/\/multipedras.com.br\/index.php?rest_route=\/wp\/v2\/product\/6264\/revisions"}],"wp:featuredmedia":[{"embeddable":true,"href":"https:\/\/multipedras.com.br\/index.php?rest_route=\/wp\/v2\/media\/6316"}],"wp:attachment":[{"href":"https:\/\/multipedras.com.br\/index.php?rest_route=%2Fwp%2Fv2%2Fmedia&parent=6264"}],"wp:term":[{"taxonomy":"product_brand","embeddable":true,"href":"https:\/\/multipedras.com.br\/index.php?rest_route=%2Fwp%2Fv2%2Fproduct_brand&post=6264"},{"taxonomy":"product_cat","embeddable":true,"href":"https:\/\/multipedras.com.br\/index.php?rest_route=%2Fwp%2Fv2%2Fproduct_cat&post=6264"},{"taxonomy":"product_tag","embeddable":true,"href":"https:\/\/multipedras.com.br\/index.php?rest_route=%2Fwp%2Fv2%2Fproduct_tag&post=6264"}],"curies":[{"name":"wp","href":"https:\/\/api.w.org\/{rel}","templated":true}]}}