{"id":5284,"date":"2024-07-15T12:08:51","date_gmt":"2024-07-15T15:08:51","guid":{"rendered":"https:\/\/multipedras.com.br\/?post_type=product&#038;p=5284"},"modified":"2025-08-01T14:32:21","modified_gmt":"2025-08-01T17:32:21","slug":"marmore-crema-antique-tamanhos-organicos","status":"publish","type":"product","link":"https:\/\/multipedras.com.br\/?product=marmore-crema-antique-tamanhos-organicos","title":{"rendered":"M\u00c1RMORE CREMA ANTIQUE TAMANHOS ORG\u00c2NICOS"},"content":{"rendered":"<p><strong>Dimens\u00e3o: <\/strong>Tamanhos Org\u00e2nicos<br \/>\n<strong>Cor: <\/strong>Cinza<br \/>\n<strong>Espessura:<\/strong><br \/>\n<strong>Material: <\/strong>Travertino<\/p>\n","protected":false},"excerpt":{"rendered":"<p>Dimens\u00e3o: Tamanhos Org\u00e2nicos Cor: Cinza Espessura: Material: Travertino<\/p>\n","protected":false},"featured_media":5290,"template":"","meta":{"_joinchat":[]},"product_brand":[],"product_cat":[38],"product_tag":[106,102,92],"class_list":{"0":"post-5284","1":"product","2":"type-product","3":"status-publish","4":"has-post-thumbnail","6":"product_cat-travertinos","7":"product_tag-ee","8":"product_tag-importado","9":"product_tag-paredes","11":"first","12":"instock","13":"shipping-taxable","14":"purchasable","15":"product-type-simple"},"_links":{"self":[{"href":"https:\/\/multipedras.com.br\/index.php?rest_route=\/wp\/v2\/product\/5284","targetHints":{"allow":["GET"]}}],"collection":[{"href":"https:\/\/multipedras.com.br\/index.php?rest_route=\/wp\/v2\/product"}],"about":[{"href":"https:\/\/multipedras.com.br\/index.php?rest_route=\/wp\/v2\/types\/product"}],"version-history":[{"count":0,"href":"https:\/\/multipedras.com.br\/index.php?rest_route=\/wp\/v2\/product\/5284\/revisions"}],"wp:featuredmedia":[{"embeddable":true,"href":"https:\/\/multipedras.com.br\/index.php?rest_route=\/wp\/v2\/media\/5290"}],"wp:attachment":[{"href":"https:\/\/multipedras.com.br\/index.php?rest_route=%2Fwp%2Fv2%2Fmedia&parent=5284"}],"wp:term":[{"taxonomy":"product_brand","embeddable":true,"href":"https:\/\/multipedras.com.br\/index.php?rest_route=%2Fwp%2Fv2%2Fproduct_brand&post=5284"},{"taxonomy":"product_cat","embeddable":true,"href":"https:\/\/multipedras.com.br\/index.php?rest_route=%2Fwp%2Fv2%2Fproduct_cat&post=5284"},{"taxonomy":"product_tag","embeddable":true,"href":"https:\/\/multipedras.com.br\/index.php?rest_route=%2Fwp%2Fv2%2Fproduct_tag&post=5284"}],"curies":[{"name":"wp","href":"https:\/\/api.w.org\/{rel}","templated":true}]}}