{"id":318,"date":"2021-10-26T16:56:40","date_gmt":"2021-10-26T19:56:40","guid":{"rendered":"https:\/\/multipedras.com.br\/?post_type=product&#038;p=318"},"modified":"2025-03-25T00:09:02","modified_gmt":"2025-03-25T03:09:02","slug":"pedra-hijau-hijau-rustica-75x23cm","status":"publish","type":"product","link":"https:\/\/multipedras.com.br\/?product=pedra-hijau-hijau-rustica-75x23cm","title":{"rendered":"PEDRA HIJAU RUSTICA 7,5X23CM"},"content":{"rendered":"<p><strong>Dimens\u00e3o:\u00a0<\/strong>7,5 X 23 Cm<br \/>\n<strong>Cor:\u00a0<\/strong>Verde<br \/>\n<strong>Espessura: <\/strong>2\u00a0Cm<br \/>\n<strong>Material:\u00a0<\/strong>Pedra Natural<br \/>\n<strong>\u00c1rea De Aplica\u00e7\u00e3o:\u00a0<\/strong>\u00c1reas Externas, \u00c1reas Internas, \u00c1reas Secas, Paredes.<\/p>\n","protected":false},"excerpt":{"rendered":"<p>Dimens\u00e3o:\u00a07,5 X 23 Cm Cor:\u00a0Verde Espessura: 2\u00a0Cm Material:\u00a0Pedra Natural \u00c1rea De Aplica\u00e7\u00e3o:\u00a0\u00c1reas Externas, \u00c1reas Internas, \u00c1reas Secas, Paredes.<\/p>\n","protected":false},"featured_media":335,"template":"","meta":{"_joinchat":[]},"product_brand":[],"product_cat":[41,40],"product_tag":[105,102,92,93],"class_list":{"0":"post-318","1":"product","2":"type-product","3":"status-publish","4":"has-post-thumbnail","6":"product_cat-pedras-naturais","7":"product_cat-pedras-para-piscina","8":"product_tag-cc","9":"product_tag-importado","10":"product_tag-paredes","11":"product_tag-piscinas","13":"first","14":"instock","15":"shipping-taxable","16":"purchasable","17":"product-type-simple"},"_links":{"self":[{"href":"https:\/\/multipedras.com.br\/index.php?rest_route=\/wp\/v2\/product\/318","targetHints":{"allow":["GET"]}}],"collection":[{"href":"https:\/\/multipedras.com.br\/index.php?rest_route=\/wp\/v2\/product"}],"about":[{"href":"https:\/\/multipedras.com.br\/index.php?rest_route=\/wp\/v2\/types\/product"}],"version-history":[{"count":1,"href":"https:\/\/multipedras.com.br\/index.php?rest_route=\/wp\/v2\/product\/318\/revisions"}],"predecessor-version":[{"id":4899,"href":"https:\/\/multipedras.com.br\/index.php?rest_route=\/wp\/v2\/product\/318\/revisions\/4899"}],"wp:featuredmedia":[{"embeddable":true,"href":"https:\/\/multipedras.com.br\/index.php?rest_route=\/wp\/v2\/media\/335"}],"wp:attachment":[{"href":"https:\/\/multipedras.com.br\/index.php?rest_route=%2Fwp%2Fv2%2Fmedia&parent=318"}],"wp:term":[{"taxonomy":"product_brand","embeddable":true,"href":"https:\/\/multipedras.com.br\/index.php?rest_route=%2Fwp%2Fv2%2Fproduct_brand&post=318"},{"taxonomy":"product_cat","embeddable":true,"href":"https:\/\/multipedras.com.br\/index.php?rest_route=%2Fwp%2Fv2%2Fproduct_cat&post=318"},{"taxonomy":"product_tag","embeddable":true,"href":"https:\/\/multipedras.com.br\/index.php?rest_route=%2Fwp%2Fv2%2Fproduct_tag&post=318"}],"curies":[{"name":"wp","href":"https:\/\/api.w.org\/{rel}","templated":true}]}}