{"id":314,"date":"2021-10-26T16:41:07","date_gmt":"2021-10-26T19:41:07","guid":{"rendered":"https:\/\/multipedras.com.br\/?post_type=product&#038;p=314"},"modified":"2025-07-16T09:57:24","modified_gmt":"2025-07-16T12:57:24","slug":"cuba-vulcanica-de-bali-14-x-40cm-50cm","status":"publish","type":"product","link":"https:\/\/multipedras.com.br\/?product=cuba-vulcanica-de-bali-14-x-40cm-50cm","title":{"rendered":"CUBA VULCANICA DE BALI 14 X 40CM 50CM"},"content":{"rendered":"<p><b><span data-contrast=\"auto\">Dimens\u00e3o:\u00a0<\/span><\/b><span data-contrast=\"auto\">14 X 40 Cm De Di\u00e2metro<\/span><span data-ccp-props=\"{&quot;201341983&quot;:0,&quot;335551550&quot;:0,&quot;335551620&quot;:0,&quot;335559739&quot;:160,&quot;335559740&quot;:279}\">\u00a0<\/span><br \/>\n<b><span data-contrast=\"auto\">Cor: <\/span><\/b><span data-contrast=\"auto\">Cinza Escura<\/span><span data-ccp-props=\"{&quot;201341983&quot;:0,&quot;335551550&quot;:0,&quot;335551620&quot;:0,&quot;335559739&quot;:160,&quot;335559740&quot;:279}\">\u00a0<\/span><br \/>\n<b><span data-contrast=\"auto\">Material: <\/span><\/b><span data-contrast=\"auto\">Pedra Natural<\/span><span data-ccp-props=\"{&quot;201341983&quot;:0,&quot;335551550&quot;:0,&quot;335551620&quot;:0,&quot;335559739&quot;:160,&quot;335559740&quot;:279}\">\u00a0<\/span><br \/>\n<b><span data-contrast=\"auto\">\u00c1rea De Aplica\u00e7\u00e3o: \u00c1<\/span><\/b><span data-contrast=\"auto\">reas Internas<\/span><\/p>\n","protected":false},"excerpt":{"rendered":"<p>Dimens\u00e3o:\u00a014 X 40 Cm De Di\u00e2metro\u00a0 Cor: Cinza Escura\u00a0 Material: Pedra Natural\u00a0 \u00c1rea De Aplica\u00e7\u00e3o: \u00c1reas Internas<\/p>\n","protected":false},"featured_media":4296,"template":"","meta":{"_joinchat":[]},"product_brand":[],"product_cat":[43],"product_tag":[105,102,90],"class_list":{"0":"post-314","1":"product","2":"type-product","3":"status-publish","4":"has-post-thumbnail","6":"product_cat-cubas-e-banheiras","7":"product_tag-cc","8":"product_tag-importado","9":"product_tag-pisos","11":"first","12":"instock","13":"shipping-taxable","14":"purchasable","15":"product-type-simple"},"_links":{"self":[{"href":"https:\/\/multipedras.com.br\/index.php?rest_route=\/wp\/v2\/product\/314","targetHints":{"allow":["GET"]}}],"collection":[{"href":"https:\/\/multipedras.com.br\/index.php?rest_route=\/wp\/v2\/product"}],"about":[{"href":"https:\/\/multipedras.com.br\/index.php?rest_route=\/wp\/v2\/types\/product"}],"version-history":[{"count":0,"href":"https:\/\/multipedras.com.br\/index.php?rest_route=\/wp\/v2\/product\/314\/revisions"}],"wp:featuredmedia":[{"embeddable":true,"href":"https:\/\/multipedras.com.br\/index.php?rest_route=\/wp\/v2\/media\/4296"}],"wp:attachment":[{"href":"https:\/\/multipedras.com.br\/index.php?rest_route=%2Fwp%2Fv2%2Fmedia&parent=314"}],"wp:term":[{"taxonomy":"product_brand","embeddable":true,"href":"https:\/\/multipedras.com.br\/index.php?rest_route=%2Fwp%2Fv2%2Fproduct_brand&post=314"},{"taxonomy":"product_cat","embeddable":true,"href":"https:\/\/multipedras.com.br\/index.php?rest_route=%2Fwp%2Fv2%2Fproduct_cat&post=314"},{"taxonomy":"product_tag","embeddable":true,"href":"https:\/\/multipedras.com.br\/index.php?rest_route=%2Fwp%2Fv2%2Fproduct_tag&post=314"}],"curies":[{"name":"wp","href":"https:\/\/api.w.org\/{rel}","templated":true}]}}