{"id":312,"date":"2021-10-26T16:38:56","date_gmt":"2021-10-26T19:38:56","guid":{"rendered":"https:\/\/multipedras.com.br\/?post_type=product&#038;p=312"},"modified":"2025-08-01T15:58:31","modified_gmt":"2025-08-01T18:58:31","slug":"travertino-borda-travertino-platinum-305-x-61-cm","status":"publish","type":"product","link":"https:\/\/multipedras.com.br\/?product=travertino-borda-travertino-platinum-305-x-61-cm","title":{"rendered":"TRAVERTINO BORDA PLATINUM 30,5 X 61 CM PE\u00c7A"},"content":{"rendered":"<p><b><span data-contrast=\"auto\">Dimens\u00e3o:\u00a0<\/span><\/b><span data-contrast=\"auto\">30,5 x 61 cm<\/span><span data-ccp-props=\"{&quot;201341983&quot;:0,&quot;335551550&quot;:0,&quot;335551620&quot;:0,&quot;335559739&quot;:160,&quot;335559740&quot;:279}\">\u00a0<\/span><br \/>\n<b><span data-contrast=\"auto\">Cor: <\/span><\/b><span data-contrast=\"auto\">Platinum<\/span><span data-ccp-props=\"{&quot;201341983&quot;:0,&quot;335551550&quot;:0,&quot;335551620&quot;:0,&quot;335559739&quot;:160,&quot;335559740&quot;:279}\">\u00a0<\/span><br \/>\n<b><span data-contrast=\"auto\">Espessura:\u00a0<\/span><\/b><span data-contrast=\"auto\">3 cm<\/span><span data-ccp-props=\"{&quot;201341983&quot;:0,&quot;335551550&quot;:0,&quot;335551620&quot;:0,&quot;335559739&quot;:160,&quot;335559740&quot;:279}\">\u00a0<\/span><br \/>\n<b><span data-contrast=\"auto\">Material: <\/span><\/b><span data-contrast=\"auto\">Pedra natural<\/span><span data-ccp-props=\"{&quot;201341983&quot;:0,&quot;335551550&quot;:0,&quot;335551620&quot;:0,&quot;335559739&quot;:160,&quot;335559740&quot;:279}\">\u00a0<\/span><br \/>\n<b><span data-contrast=\"auto\">\u00c1rea de aplica\u00e7\u00e3o: <\/span><\/b><span data-contrast=\"auto\">\u00c1reas externas, pisos.<\/span><span data-ccp-props=\"{&quot;201341983&quot;:0,&quot;335559739&quot;:160,&quot;335559740&quot;:279}\">\u00a0<\/span><\/p>\n","protected":false},"excerpt":{"rendered":"<p>Dimens\u00e3o:\u00a030,5 x 61 cm\u00a0 Cor: Platinum\u00a0 Espessura:\u00a03 cm\u00a0 Material: Pedra natural\u00a0 \u00c1rea de aplica\u00e7\u00e3o: \u00c1reas externas, pisos.\u00a0<\/p>\n","protected":false},"featured_media":354,"template":"","meta":{"_joinchat":[]},"product_brand":[],"product_cat":[23,38],"product_tag":[104,102,93,91],"class_list":{"0":"post-312","1":"product","2":"type-product","3":"status-publish","4":"has-post-thumbnail","6":"product_cat-lancamentos","7":"product_cat-travertinos","8":"product_tag-ce","9":"product_tag-importado","10":"product_tag-piscinas","11":"product_tag-pisos-e-paredes","13":"first","14":"instock","15":"shipping-taxable","16":"purchasable","17":"product-type-simple"},"_links":{"self":[{"href":"https:\/\/multipedras.com.br\/index.php?rest_route=\/wp\/v2\/product\/312","targetHints":{"allow":["GET"]}}],"collection":[{"href":"https:\/\/multipedras.com.br\/index.php?rest_route=\/wp\/v2\/product"}],"about":[{"href":"https:\/\/multipedras.com.br\/index.php?rest_route=\/wp\/v2\/types\/product"}],"version-history":[{"count":0,"href":"https:\/\/multipedras.com.br\/index.php?rest_route=\/wp\/v2\/product\/312\/revisions"}],"wp:featuredmedia":[{"embeddable":true,"href":"https:\/\/multipedras.com.br\/index.php?rest_route=\/wp\/v2\/media\/354"}],"wp:attachment":[{"href":"https:\/\/multipedras.com.br\/index.php?rest_route=%2Fwp%2Fv2%2Fmedia&parent=312"}],"wp:term":[{"taxonomy":"product_brand","embeddable":true,"href":"https:\/\/multipedras.com.br\/index.php?rest_route=%2Fwp%2Fv2%2Fproduct_brand&post=312"},{"taxonomy":"product_cat","embeddable":true,"href":"https:\/\/multipedras.com.br\/index.php?rest_route=%2Fwp%2Fv2%2Fproduct_cat&post=312"},{"taxonomy":"product_tag","embeddable":true,"href":"https:\/\/multipedras.com.br\/index.php?rest_route=%2Fwp%2Fv2%2Fproduct_tag&post=312"}],"curies":[{"name":"wp","href":"https:\/\/api.w.org\/{rel}","templated":true}]}}