{"id":307,"date":"2021-10-26T16:31:13","date_gmt":"2021-10-26T19:31:13","guid":{"rendered":"https:\/\/multipedras.com.br\/?post_type=product&#038;p=307"},"modified":"2025-11-29T12:03:14","modified_gmt":"2025-11-29T15:03:14","slug":"travertino-galala-cairo-anticato-7x20cm","status":"publish","type":"product","link":"https:\/\/multipedras.com.br\/?product=travertino-galala-cairo-anticato-7x20cm","title":{"rendered":"TRAVERTINO GALALA CAIRO ANTICATO 7X20CM"},"content":{"rendered":"<p><b><span data-contrast=\"auto\">Dimens\u00e3o: <\/span><\/b><span data-contrast=\"auto\">7&#215;20\u00a0cm<\/span><span data-ccp-props=\"{&quot;201341983&quot;:0,&quot;335551550&quot;:0,&quot;335551620&quot;:0,&quot;335559739&quot;:160,&quot;335559740&quot;:279}\">\u00a0<\/span><br \/>\n<b><span data-contrast=\"auto\">Cor: <\/span><\/b>B<span data-contrast=\"auto\">ege<\/span><span data-ccp-props=\"{&quot;201341983&quot;:0,&quot;335551550&quot;:0,&quot;335551620&quot;:0,&quot;335559739&quot;:160,&quot;335559740&quot;:279}\">\u00a0<\/span><br \/>\n<b><span data-contrast=\"auto\">Espessura:\u00a0<\/span><\/b><span data-contrast=\"auto\">1 cm<\/span><span data-ccp-props=\"{&quot;201341983&quot;:0,&quot;335551550&quot;:0,&quot;335551620&quot;:0,&quot;335559739&quot;:160,&quot;335559740&quot;:279}\">\u00a0<\/span><br \/>\n<b><span data-contrast=\"auto\">Material: <\/span><\/b><span data-contrast=\"auto\">P<\/span><span data-contrast=\"auto\">edra natural<\/span><span data-ccp-props=\"{&quot;201341983&quot;:0,&quot;335551550&quot;:0,&quot;335551620&quot;:0,&quot;335559739&quot;:160,&quot;335559740&quot;:279}\">\u00a0<\/span><br \/>\n<b><span data-contrast=\"auto\">\u00c1rea de aplica\u00e7\u00e3o: <\/span><\/b><span data-contrast=\"auto\">\u00c1reas externas, \u00e1reas internas, \u00e1reas secas, paredes.<\/span><span data-ccp-props=\"{&quot;201341983&quot;:0,&quot;335559739&quot;:160,&quot;335559740&quot;:279}\">\u00a0<\/span><\/p>\n","protected":false},"excerpt":{"rendered":"<p>Dimens\u00e3o: 7&#215;20\u00a0cm\u00a0 Cor: Bege\u00a0 Espessura:\u00a01 cm\u00a0 Material: Pedra natural\u00a0 \u00c1rea de aplica\u00e7\u00e3o: \u00c1reas externas, \u00e1reas internas, \u00e1reas secas, paredes.\u00a0<\/p>\n","protected":false},"featured_media":5006,"template":"","meta":{"_joinchat":[]},"product_brand":[],"product_cat":[348,336,38],"product_tag":[105,102,92],"class_list":{"0":"post-307","1":"product","2":"type-product","3":"status-publish","4":"has-post-thumbnail","6":"product_cat-black-friday","7":"product_cat-mega-acao","8":"product_cat-travertinos","9":"product_tag-cc","10":"product_tag-importado","11":"product_tag-paredes","13":"first","14":"instock","15":"shipping-taxable","16":"purchasable","17":"product-type-simple"},"_links":{"self":[{"href":"https:\/\/multipedras.com.br\/index.php?rest_route=\/wp\/v2\/product\/307","targetHints":{"allow":["GET"]}}],"collection":[{"href":"https:\/\/multipedras.com.br\/index.php?rest_route=\/wp\/v2\/product"}],"about":[{"href":"https:\/\/multipedras.com.br\/index.php?rest_route=\/wp\/v2\/types\/product"}],"version-history":[{"count":2,"href":"https:\/\/multipedras.com.br\/index.php?rest_route=\/wp\/v2\/product\/307\/revisions"}],"predecessor-version":[{"id":7529,"href":"https:\/\/multipedras.com.br\/index.php?rest_route=\/wp\/v2\/product\/307\/revisions\/7529"}],"wp:featuredmedia":[{"embeddable":true,"href":"https:\/\/multipedras.com.br\/index.php?rest_route=\/wp\/v2\/media\/5006"}],"wp:attachment":[{"href":"https:\/\/multipedras.com.br\/index.php?rest_route=%2Fwp%2Fv2%2Fmedia&parent=307"}],"wp:term":[{"taxonomy":"product_brand","embeddable":true,"href":"https:\/\/multipedras.com.br\/index.php?rest_route=%2Fwp%2Fv2%2Fproduct_brand&post=307"},{"taxonomy":"product_cat","embeddable":true,"href":"https:\/\/multipedras.com.br\/index.php?rest_route=%2Fwp%2Fv2%2Fproduct_cat&post=307"},{"taxonomy":"product_tag","embeddable":true,"href":"https:\/\/multipedras.com.br\/index.php?rest_route=%2Fwp%2Fv2%2Fproduct_tag&post=307"}],"curies":[{"name":"wp","href":"https:\/\/api.w.org\/{rel}","templated":true}]}}