{"id":304,"date":"2021-10-26T16:27:23","date_gmt":"2021-10-26T19:27:23","guid":{"rendered":"https:\/\/multipedras.com.br\/?post_type=product&#038;p=304"},"modified":"2025-07-23T13:59:50","modified_gmt":"2025-07-23T16:59:50","slug":"travertino-anticato-noce-75-x-203-cm","status":"publish","type":"product","link":"https:\/\/multipedras.com.br\/?product=travertino-anticato-noce-75-x-203-cm","title":{"rendered":"TRAVERTINO ANTICATO NOCE 7,5 X 20,3 CM"},"content":{"rendered":"<p><b><span data-contrast=\"auto\">Dimens\u00e3o:\u00a0<\/span><\/b><span data-contrast=\"auto\">7,5 x 20,3 cm<\/span><span data-ccp-props=\"{&quot;201341983&quot;:0,&quot;335551550&quot;:0,&quot;335551620&quot;:0,&quot;335559739&quot;:160,&quot;335559740&quot;:279}\">\u00a0<\/span><br \/>\n<b><span data-contrast=\"auto\">Cor:<\/span><\/b> M<span data-contrast=\"auto\">arrom claro<\/span><span data-ccp-props=\"{&quot;201341983&quot;:0,&quot;335551550&quot;:0,&quot;335551620&quot;:0,&quot;335559739&quot;:160,&quot;335559740&quot;:279}\">\u00a0<\/span><br \/>\n<b><span data-contrast=\"auto\">Espessura:\u00a0<\/span><\/b><span data-contrast=\"auto\">1 cm<\/span><span data-ccp-props=\"{&quot;201341983&quot;:0,&quot;335551550&quot;:0,&quot;335551620&quot;:0,&quot;335559739&quot;:160,&quot;335559740&quot;:279}\">\u00a0<\/span><br \/>\n<b><span data-contrast=\"auto\">Material: <\/span><\/b><span data-contrast=\"auto\">T<\/span><span data-contrast=\"auto\">ravertino<\/span><span data-ccp-props=\"{&quot;201341983&quot;:0,&quot;335551550&quot;:0,&quot;335551620&quot;:0,&quot;335559739&quot;:160,&quot;335559740&quot;:279}\">\u00a0<\/span><br \/>\n<b><span data-contrast=\"auto\">\u00c1rea de aplica\u00e7\u00e3o: <\/span><\/b><span data-contrast=\"auto\">\u00c1<\/span><span data-contrast=\"auto\">reas externas, \u00e1reas internas, \u00e1reas secas, paredes.<\/span><span data-ccp-props=\"{&quot;201341983&quot;:0,&quot;335559739&quot;:160,&quot;335559740&quot;:279}\">\u00a0<\/span><\/p>\n","protected":false},"excerpt":{"rendered":"<p>Dimens\u00e3o:\u00a07,5 x 20,3 cm\u00a0 Cor: Marrom claro\u00a0 Espessura:\u00a01 cm\u00a0 Material: Travertino\u00a0 \u00c1rea de aplica\u00e7\u00e3o: \u00c1reas externas, \u00e1reas internas, \u00e1reas secas, paredes.\u00a0<\/p>\n","protected":false},"featured_media":5224,"template":"","meta":{"_joinchat":[]},"product_brand":[],"product_cat":[38],"product_tag":[105,102,93,91],"class_list":{"0":"post-304","1":"product","2":"type-product","3":"status-publish","4":"has-post-thumbnail","6":"product_cat-travertinos","7":"product_tag-cc","8":"product_tag-importado","9":"product_tag-piscinas","10":"product_tag-pisos-e-paredes","12":"first","13":"instock","14":"shipping-taxable","15":"purchasable","16":"product-type-simple"},"_links":{"self":[{"href":"https:\/\/multipedras.com.br\/index.php?rest_route=\/wp\/v2\/product\/304","targetHints":{"allow":["GET"]}}],"collection":[{"href":"https:\/\/multipedras.com.br\/index.php?rest_route=\/wp\/v2\/product"}],"about":[{"href":"https:\/\/multipedras.com.br\/index.php?rest_route=\/wp\/v2\/types\/product"}],"version-history":[{"count":1,"href":"https:\/\/multipedras.com.br\/index.php?rest_route=\/wp\/v2\/product\/304\/revisions"}],"predecessor-version":[{"id":5025,"href":"https:\/\/multipedras.com.br\/index.php?rest_route=\/wp\/v2\/product\/304\/revisions\/5025"}],"wp:featuredmedia":[{"embeddable":true,"href":"https:\/\/multipedras.com.br\/index.php?rest_route=\/wp\/v2\/media\/5224"}],"wp:attachment":[{"href":"https:\/\/multipedras.com.br\/index.php?rest_route=%2Fwp%2Fv2%2Fmedia&parent=304"}],"wp:term":[{"taxonomy":"product_brand","embeddable":true,"href":"https:\/\/multipedras.com.br\/index.php?rest_route=%2Fwp%2Fv2%2Fproduct_brand&post=304"},{"taxonomy":"product_cat","embeddable":true,"href":"https:\/\/multipedras.com.br\/index.php?rest_route=%2Fwp%2Fv2%2Fproduct_cat&post=304"},{"taxonomy":"product_tag","embeddable":true,"href":"https:\/\/multipedras.com.br\/index.php?rest_route=%2Fwp%2Fv2%2Fproduct_tag&post=304"}],"curies":[{"name":"wp","href":"https:\/\/api.w.org\/{rel}","templated":true}]}}