{"id":299,"date":"2021-10-26T16:16:58","date_gmt":"2021-10-26T19:16:58","guid":{"rendered":"https:\/\/multipedras.com.br\/?post_type=product&#038;p=299"},"modified":"2025-11-29T12:03:32","modified_gmt":"2025-11-29T15:03:32","slug":"travertino","status":"publish","type":"product","link":"https:\/\/multipedras.com.br\/?product=travertino","title":{"rendered":"M\u00c1RMORE TRAVERTINO ROMANO TAC\u00c3O 20X60CM"},"content":{"rendered":"<p><strong>DIMENS\u00c3O: <\/strong>20&#215;60 cm<br \/>\n<strong>COR:\u00a0<\/strong>BEGE<br \/>\n<strong>ESPESSURA:\u00a0<\/strong>2 CM<br \/>\n<strong>MATERIAL:\u00a0<\/strong>M\u00c1RMORE TRAVERTINO<br \/>\n<strong>\u00c1REA DE APLICA\u00c7\u00c3O:\u00a0<\/strong>\u00c1REAS EXTERNAS, \u00c1REAS INTERNAS, \u00c1REAS SECAS, PAREDES, PISOS.<\/p>\n","protected":false},"excerpt":{"rendered":"<p>DIMENS\u00c3O: 20&#215;60 cm COR:\u00a0BEGE ESPESSURA:\u00a02 CM MATERIAL:\u00a0M\u00c1RMORE TRAVERTINO \u00c1REA DE APLICA\u00c7\u00c3O:\u00a0\u00c1REAS EXTERNAS, \u00c1REAS INTERNAS, \u00c1REAS SECAS, PAREDES, PISOS.<\/p>\n","protected":false},"featured_media":5321,"template":"","meta":{"_joinchat":[]},"product_brand":[],"product_cat":[348,107,38],"product_tag":[105,102,93,90,91],"class_list":{"0":"post-299","1":"product","2":"type-product","3":"status-publish","4":"has-post-thumbnail","6":"product_cat-black-friday","7":"product_cat-festival-de-travertinos","8":"product_cat-travertinos","9":"product_tag-cc","10":"product_tag-importado","11":"product_tag-piscinas","12":"product_tag-pisos","13":"product_tag-pisos-e-paredes","15":"first","16":"instock","17":"shipping-taxable","18":"purchasable","19":"product-type-simple"},"_links":{"self":[{"href":"https:\/\/multipedras.com.br\/index.php?rest_route=\/wp\/v2\/product\/299","targetHints":{"allow":["GET"]}}],"collection":[{"href":"https:\/\/multipedras.com.br\/index.php?rest_route=\/wp\/v2\/product"}],"about":[{"href":"https:\/\/multipedras.com.br\/index.php?rest_route=\/wp\/v2\/types\/product"}],"version-history":[{"count":2,"href":"https:\/\/multipedras.com.br\/index.php?rest_route=\/wp\/v2\/product\/299\/revisions"}],"predecessor-version":[{"id":7533,"href":"https:\/\/multipedras.com.br\/index.php?rest_route=\/wp\/v2\/product\/299\/revisions\/7533"}],"wp:featuredmedia":[{"embeddable":true,"href":"https:\/\/multipedras.com.br\/index.php?rest_route=\/wp\/v2\/media\/5321"}],"wp:attachment":[{"href":"https:\/\/multipedras.com.br\/index.php?rest_route=%2Fwp%2Fv2%2Fmedia&parent=299"}],"wp:term":[{"taxonomy":"product_brand","embeddable":true,"href":"https:\/\/multipedras.com.br\/index.php?rest_route=%2Fwp%2Fv2%2Fproduct_brand&post=299"},{"taxonomy":"product_cat","embeddable":true,"href":"https:\/\/multipedras.com.br\/index.php?rest_route=%2Fwp%2Fv2%2Fproduct_cat&post=299"},{"taxonomy":"product_tag","embeddable":true,"href":"https:\/\/multipedras.com.br\/index.php?rest_route=%2Fwp%2Fv2%2Fproduct_tag&post=299"}],"curies":[{"name":"wp","href":"https:\/\/api.w.org\/{rel}","templated":true}]}}