{"id":292,"date":"2021-10-26T15:50:18","date_gmt":"2021-10-26T18:50:18","guid":{"rendered":"https:\/\/multipedras.com.br\/?post_type=product&#038;p=292"},"modified":"2025-11-07T18:03:24","modified_gmt":"2025-11-07T21:03:24","slug":"travertino-cairo","status":"publish","type":"product","link":"https:\/\/multipedras.com.br\/?product=travertino-cairo","title":{"rendered":"TRAVERTINO CAIRO 10X30CM"},"content":{"rendered":"<p><b><span data-contrast=\"auto\">Dimens\u00e3o:\u00a0<\/span><\/b><span data-contrast=\"auto\">10 x 30 cm<\/span><span data-ccp-props=\"{&quot;201341983&quot;:0,&quot;335551550&quot;:0,&quot;335551620&quot;:0,&quot;335559739&quot;:160,&quot;335559740&quot;:279}\">\u00a0<\/span><br \/>\n<b><span data-contrast=\"auto\">Cor: <\/span><\/b><span data-contrast=\"auto\">B<\/span><span data-contrast=\"auto\">ege<\/span><span data-ccp-props=\"{&quot;201341983&quot;:0,&quot;335551550&quot;:0,&quot;335551620&quot;:0,&quot;335559739&quot;:160,&quot;335559740&quot;:279}\">\u00a0<\/span><br \/>\n<b><span data-contrast=\"auto\">Espessura:<\/span><\/b> 2<span data-contrast=\"auto\">\u00a0cm<\/span><span data-ccp-props=\"{&quot;201341983&quot;:0,&quot;335551550&quot;:0,&quot;335551620&quot;:0,&quot;335559739&quot;:160,&quot;335559740&quot;:279}\">\u00a0<\/span><br \/>\n<b><span data-contrast=\"auto\">Material: <\/span><\/b><span data-contrast=\"auto\">P<\/span><span data-contrast=\"auto\">edra natural<\/span><span data-ccp-props=\"{&quot;201341983&quot;:0,&quot;335551550&quot;:0,&quot;335551620&quot;:0,&quot;335559739&quot;:160,&quot;335559740&quot;:279}\">\u00a0<\/span><br \/>\n<b><span data-contrast=\"auto\">\u00c1rea de aplica\u00e7\u00e3o: <\/span><\/b><span data-contrast=\"auto\">\u00c1<\/span><span data-contrast=\"auto\">reas externas, \u00e1reas internas, \u00e1reas secas, paredes.<\/span><span data-ccp-props=\"{&quot;201341983&quot;:0,&quot;335559739&quot;:160,&quot;335559740&quot;:279}\">\u00a0<\/span><\/p>\n","protected":false},"excerpt":{"rendered":"<p>Dimens\u00e3o:\u00a010 x 30 cm\u00a0 Cor: Bege\u00a0 Espessura: 2\u00a0cm\u00a0 Material: Pedra natural\u00a0 \u00c1rea de aplica\u00e7\u00e3o: \u00c1reas externas, \u00e1reas internas, \u00e1reas secas, paredes.\u00a0<\/p>\n","protected":false},"featured_media":5403,"template":"","meta":{"_joinchat":[]},"product_brand":[],"product_cat":[336,38],"product_tag":[105,102,92],"class_list":{"0":"post-292","1":"product","2":"type-product","3":"status-publish","4":"has-post-thumbnail","6":"product_cat-mega-acao","7":"product_cat-travertinos","8":"product_tag-cc","9":"product_tag-importado","10":"product_tag-paredes","12":"first","13":"instock","14":"shipping-taxable","15":"product-type-external"},"_links":{"self":[{"href":"https:\/\/multipedras.com.br\/index.php?rest_route=\/wp\/v2\/product\/292","targetHints":{"allow":["GET"]}}],"collection":[{"href":"https:\/\/multipedras.com.br\/index.php?rest_route=\/wp\/v2\/product"}],"about":[{"href":"https:\/\/multipedras.com.br\/index.php?rest_route=\/wp\/v2\/types\/product"}],"version-history":[{"count":3,"href":"https:\/\/multipedras.com.br\/index.php?rest_route=\/wp\/v2\/product\/292\/revisions"}],"predecessor-version":[{"id":7534,"href":"https:\/\/multipedras.com.br\/index.php?rest_route=\/wp\/v2\/product\/292\/revisions\/7534"}],"wp:featuredmedia":[{"embeddable":true,"href":"https:\/\/multipedras.com.br\/index.php?rest_route=\/wp\/v2\/media\/5403"}],"wp:attachment":[{"href":"https:\/\/multipedras.com.br\/index.php?rest_route=%2Fwp%2Fv2%2Fmedia&parent=292"}],"wp:term":[{"taxonomy":"product_brand","embeddable":true,"href":"https:\/\/multipedras.com.br\/index.php?rest_route=%2Fwp%2Fv2%2Fproduct_brand&post=292"},{"taxonomy":"product_cat","embeddable":true,"href":"https:\/\/multipedras.com.br\/index.php?rest_route=%2Fwp%2Fv2%2Fproduct_cat&post=292"},{"taxonomy":"product_tag","embeddable":true,"href":"https:\/\/multipedras.com.br\/index.php?rest_route=%2Fwp%2Fv2%2Fproduct_tag&post=292"}],"curies":[{"name":"wp","href":"https:\/\/api.w.org\/{rel}","templated":true}]}}