{"id":175,"date":"2021-09-12T18:32:11","date_gmt":"2021-09-12T21:32:11","guid":{"rendered":"http:\/\/sitemultipedras.online\/?post_type=product&#038;p=175"},"modified":"2025-11-29T12:03:36","modified_gmt":"2025-11-29T15:03:36","slug":"pedra-aquamarine","status":"publish","type":"product","link":"https:\/\/multipedras.com.br\/?product=pedra-aquamarine","title":{"rendered":"PEDRA AQUAMARINE \u00c1GUA MARINHA 10x10cm"},"content":{"rendered":"<p><strong>Dimens\u00e3o: <\/strong>10 X 10 Cm<br \/>\n<strong>Cor: <\/strong>Branco Azul<br \/>\n<strong>Espessura: <\/strong>1 Cm<br \/>\n<strong>Material: <\/strong>Pedra Natural<br \/>\n<strong>\u00c1rea De Aplica\u00e7\u00e3o: <\/strong>\u00c1reas Externas, \u00c1reas Internas, \u00c1reas Secas, Paredes, Pisos.<\/p>\n","protected":false},"excerpt":{"rendered":"<p>Pedra Natural que possui uma Colora\u00e7\u00e3o Azulada Espetacular e remete ao azul do mar da Polin\u00e9sia Francesa do Oceano Pac\u00edfico Quando molhada adquire uma Colora\u00e7\u00e3o Azul Intenso ideal para Piscinas Spas Espelhos d&#8217;\u00e1gua e quanto maior a profundidade mais esse tom fica ainda mais intenso.<\/p>\n","protected":false},"featured_media":4918,"template":"","meta":{"_joinchat":[]},"product_brand":[],"product_cat":[348,23,336,40],"product_tag":[105,101,93,91],"class_list":{"0":"post-175","1":"product","2":"type-product","3":"status-publish","4":"has-post-thumbnail","6":"product_cat-black-friday","7":"product_cat-lancamentos","8":"product_cat-mega-acao","9":"product_cat-pedras-para-piscina","10":"product_tag-cc","11":"product_tag-nacional","12":"product_tag-piscinas","13":"product_tag-pisos-e-paredes","15":"first","16":"instock","17":"shipping-taxable","18":"purchasable","19":"product-type-simple"},"_links":{"self":[{"href":"https:\/\/multipedras.com.br\/index.php?rest_route=\/wp\/v2\/product\/175","targetHints":{"allow":["GET"]}}],"collection":[{"href":"https:\/\/multipedras.com.br\/index.php?rest_route=\/wp\/v2\/product"}],"about":[{"href":"https:\/\/multipedras.com.br\/index.php?rest_route=\/wp\/v2\/types\/product"}],"version-history":[{"count":2,"href":"https:\/\/multipedras.com.br\/index.php?rest_route=\/wp\/v2\/product\/175\/revisions"}],"predecessor-version":[{"id":7535,"href":"https:\/\/multipedras.com.br\/index.php?rest_route=\/wp\/v2\/product\/175\/revisions\/7535"}],"wp:featuredmedia":[{"embeddable":true,"href":"https:\/\/multipedras.com.br\/index.php?rest_route=\/wp\/v2\/media\/4918"}],"wp:attachment":[{"href":"https:\/\/multipedras.com.br\/index.php?rest_route=%2Fwp%2Fv2%2Fmedia&parent=175"}],"wp:term":[{"taxonomy":"product_brand","embeddable":true,"href":"https:\/\/multipedras.com.br\/index.php?rest_route=%2Fwp%2Fv2%2Fproduct_brand&post=175"},{"taxonomy":"product_cat","embeddable":true,"href":"https:\/\/multipedras.com.br\/index.php?rest_route=%2Fwp%2Fv2%2Fproduct_cat&post=175"},{"taxonomy":"product_tag","embeddable":true,"href":"https:\/\/multipedras.com.br\/index.php?rest_route=%2Fwp%2Fv2%2Fproduct_tag&post=175"}],"curies":[{"name":"wp","href":"https:\/\/api.w.org\/{rel}","templated":true}]}}