{"id":163,"date":"2021-09-12T18:07:05","date_gmt":"2021-09-12T21:07:05","guid":{"rendered":"http:\/\/sitemultipedras.online\/?post_type=product&#038;p=163"},"modified":"2025-08-01T16:10:55","modified_gmt":"2025-08-01T19:10:55","slug":"pedra-travertino-rock-face","status":"publish","type":"product","link":"https:\/\/multipedras.com.br\/?product=pedra-travertino-rock-face","title":{"rendered":"TRAVERTINO ROCKFACE 10CM X DIVERSOS"},"content":{"rendered":"<p><b><span data-contrast=\"auto\">Dimens\u00e3o: <\/span><\/b><span data-contrast=\"auto\">10 cm x diversos<\/span><span data-ccp-props=\"{&quot;201341983&quot;:0,&quot;335551550&quot;:0,&quot;335551620&quot;:0,&quot;335559739&quot;:160,&quot;335559740&quot;:279}\">\u00a0<\/span><br \/>\n<b><span data-contrast=\"auto\">Cor: <\/span><\/b><span data-contrast=\"auto\">B<\/span><span data-contrast=\"auto\">ege<\/span><span data-ccp-props=\"{&quot;201341983&quot;:0,&quot;335551550&quot;:0,&quot;335551620&quot;:0,&quot;335559739&quot;:160,&quot;335559740&quot;:279}\">\u00a0<\/span><br \/>\n<b><span data-contrast=\"auto\">Espessura:\u00a0<\/span><\/b><span data-contrast=\"auto\">2,1 cm<\/span><span data-ccp-props=\"{&quot;201341983&quot;:0,&quot;335551550&quot;:0,&quot;335551620&quot;:0,&quot;335559739&quot;:160,&quot;335559740&quot;:279}\">\u00a0<\/span><br \/>\n<b><span data-contrast=\"auto\">Material: <\/span><\/b><span data-contrast=\"auto\">M<\/span><span data-contrast=\"auto\">\u00e1rmore travertino<\/span><span data-ccp-props=\"{&quot;201341983&quot;:0,&quot;335559739&quot;:160,&quot;335559740&quot;:279}\">\u00a0<\/span><\/p>\n","protected":false},"excerpt":{"rendered":"<p>A Pedra Natural Travertino possui rusticidade, textura imperfeita t\u00edpica de pedra extra\u00edda da natureza. Ela pode ser instalada em \u00e1reas externas e internas, tanto em pisos como paredes. O seu estilo bruto, traz riqueza, beleza, luxo e muitas vezes sofistica\u00e7\u00e3o \u00e0 decora\u00e7\u00e3o do ambiente residencial ou comercial.<\/p>\n","protected":false},"featured_media":5159,"template":"","meta":{"_joinchat":[]},"product_brand":[],"product_cat":[38],"product_tag":[105,102,92],"class_list":{"0":"post-163","1":"product","2":"type-product","3":"status-publish","4":"has-post-thumbnail","6":"product_cat-travertinos","7":"product_tag-cc","8":"product_tag-importado","9":"product_tag-paredes","11":"first","12":"instock","13":"shipping-taxable","14":"purchasable","15":"product-type-simple"},"_links":{"self":[{"href":"https:\/\/multipedras.com.br\/index.php?rest_route=\/wp\/v2\/product\/163","targetHints":{"allow":["GET"]}}],"collection":[{"href":"https:\/\/multipedras.com.br\/index.php?rest_route=\/wp\/v2\/product"}],"about":[{"href":"https:\/\/multipedras.com.br\/index.php?rest_route=\/wp\/v2\/types\/product"}],"version-history":[{"count":1,"href":"https:\/\/multipedras.com.br\/index.php?rest_route=\/wp\/v2\/product\/163\/revisions"}],"predecessor-version":[{"id":5152,"href":"https:\/\/multipedras.com.br\/index.php?rest_route=\/wp\/v2\/product\/163\/revisions\/5152"}],"wp:featuredmedia":[{"embeddable":true,"href":"https:\/\/multipedras.com.br\/index.php?rest_route=\/wp\/v2\/media\/5159"}],"wp:attachment":[{"href":"https:\/\/multipedras.com.br\/index.php?rest_route=%2Fwp%2Fv2%2Fmedia&parent=163"}],"wp:term":[{"taxonomy":"product_brand","embeddable":true,"href":"https:\/\/multipedras.com.br\/index.php?rest_route=%2Fwp%2Fv2%2Fproduct_brand&post=163"},{"taxonomy":"product_cat","embeddable":true,"href":"https:\/\/multipedras.com.br\/index.php?rest_route=%2Fwp%2Fv2%2Fproduct_cat&post=163"},{"taxonomy":"product_tag","embeddable":true,"href":"https:\/\/multipedras.com.br\/index.php?rest_route=%2Fwp%2Fv2%2Fproduct_tag&post=163"}],"curies":[{"name":"wp","href":"https:\/\/api.w.org\/{rel}","templated":true}]}}