{"id":3,"date":"2021-09-11T10:13:31","date_gmt":"2021-09-11T13:13:31","guid":{"rendered":"http:\/\/sitemultipedras.online\/?page_id=3"},"modified":"2024-09-13T12:38:47","modified_gmt":"2024-09-13T15:38:47","slug":"politica-de-privacidade","status":"publish","type":"page","link":"https:\/\/multipedras.com.br\/?page_id=3","title":{"rendered":"Pol\u00edtica de privacidade"},"content":{"rendered":"\t\t<div data-elementor-type=\"wp-page\" data-elementor-id=\"3\" class=\"elementor elementor-3\" data-elementor-post-type=\"page\">\n\t\t\t\t\t\t<section class=\"elementor-section elementor-top-section elementor-element elementor-element-23f9893 elementor-section-boxed elementor-section-height-default elementor-section-height-default\" data-id=\"23f9893\" data-element_type=\"section\" data-e-type=\"section\">\n\t\t\t\t\t\t<div class=\"elementor-container elementor-column-gap-default\">\n\t\t\t\t\t<div class=\"elementor-column elementor-col-100 elementor-top-column elementor-element elementor-element-6e9b70d\" data-id=\"6e9b70d\" data-element_type=\"column\" data-e-type=\"column\">\n\t\t\t<div class=\"elementor-widget-wrap elementor-element-populated\">\n\t\t\t\t\t\t<div class=\"elementor-element elementor-element-9b7eed3 elementor-widget elementor-widget-heading\" data-id=\"9b7eed3\" data-element_type=\"widget\" data-e-type=\"widget\" data-widget_type=\"heading.default\">\n\t\t\t\t<div class=\"elementor-widget-container\">\n\t\t\t\t\t<h2 class=\"elementor-heading-title elementor-size-default\">Pol\u00edtica de Privacidade<\/h2>\t\t\t\t<\/div>\n\t\t\t\t<\/div>\n\t\t\t\t\t<\/div>\n\t\t<\/div>\n\t\t\t\t\t<\/div>\n\t\t<\/section>\n\t\t\t\t<section class=\"elementor-section elementor-top-section elementor-element elementor-element-6b300ee elementor-section-boxed elementor-section-height-default elementor-section-height-default\" data-id=\"6b300ee\" data-element_type=\"section\" data-e-type=\"section\">\n\t\t\t\t\t\t<div class=\"elementor-container elementor-column-gap-default\">\n\t\t\t\t\t<div class=\"elementor-column elementor-col-100 elementor-top-column elementor-element elementor-element-6cc7ab6\" data-id=\"6cc7ab6\" data-element_type=\"column\" data-e-type=\"column\">\n\t\t\t<div class=\"elementor-widget-wrap elementor-element-populated\">\n\t\t\t\t\t\t<div class=\"elementor-element elementor-element-27abf49 elementor-widget elementor-widget-text-editor\" data-id=\"27abf49\" data-element_type=\"widget\" data-e-type=\"widget\" data-widget_type=\"text-editor.default\">\n\t\t\t\t<div class=\"elementor-widget-container\">\n\t\t\t\t\t\t\t\t\t<p>A Multipedras, pessoa jur\u00eddica de direito privado, inscrita no CNPJ sob o n\u00ba 04.681.814\/0001-90, nos preocupamos e cuidamos da sua privacidade, e tudo isso de acordo com as normas da Lei Geral de Prote\u00e7\u00e3o de Dados (Lei n\u00ba 13.709, de 14 de agosto de 2018). Assim, estabelecemos esta pol\u00edtica de privacidade, enquanto um conjunto de a\u00e7\u00f5es, que visam respeitar e preservar o direito \u00e0 prote\u00e7\u00e3o dos seus dados pessoais.<\/p>\n<p>Nesse sentido, esta Pol\u00edtica de Privacidade apresenta a forma como a Multipedras trata e protege as informa\u00e7\u00f5es que s\u00e3o fornecidas pelos usu\u00e1rios do nosso site, o que ocorre a partir da utiliza\u00e7\u00e3o dos servi\u00e7os que prestamos e aquisi\u00e7\u00e3o de produtos da Multipedras. Esta Pol\u00edtica de Privacidade se aplica somente a informa\u00e7\u00f5es que s\u00e3o coletadas por meio da nossa loja, f\u00edsica ou virtual.<\/p>\n<p><span style=\"font-size: 1rem;\">Ao acessar a Multipedras, seja enviando comunica\u00e7\u00f5es ou fornecendo dados pessoais, o usu\u00e1rio se declara ciente dos termos previstos nesta Pol\u00edtica de Privacidade. Os dados pessoais dos usu\u00e1rios n\u00e3o ser\u00e3o compartilhados com terceiros que n\u00e3o sejam correlatos com os servi\u00e7os e produtos comercializados pela Multipedras. Os dados poder\u00e3o ser compartilhados por determina\u00e7\u00e3o judicial, por lei ou por autoriza\u00e7\u00e3o expressa do usu\u00e1rio.<\/span><\/p>\n<p>\u00a0<\/p>\t\t\t\t\t\t\t\t<\/div>\n\t\t\t\t<\/div>\n\t\t\t\t<div class=\"elementor-element elementor-element-cbe30b6 elementor-widget elementor-widget-heading\" data-id=\"cbe30b6\" data-element_type=\"widget\" data-e-type=\"widget\" data-widget_type=\"heading.default\">\n\t\t\t\t<div class=\"elementor-widget-container\">\n\t\t\t\t\t<h4 class=\"elementor-heading-title elementor-size-default\">Conceitos-base para a Pol\u00edtica de Privacidade:<\/h4>\t\t\t\t<\/div>\n\t\t\t\t<\/div>\n\t\t\t\t<div class=\"elementor-element elementor-element-8291980 elementor-widget elementor-widget-text-editor\" data-id=\"8291980\" data-element_type=\"widget\" data-e-type=\"widget\" data-widget_type=\"text-editor.default\">\n\t\t\t\t<div class=\"elementor-widget-container\">\n\t\t\t\t\t\t\t\t\t<p class=\"MsoNormal\"><b>Usu\u00e1rio<\/b> \u00e9 toda pessoa f\u00edsica, portadora de CPF, que realize seu cadastro no site da Multipedras, bem como aquelas que preencham formul\u00e1rios destinados \u00e0 compra, contrata\u00e7\u00e3o, registro de reclama\u00e7\u00f5es, SAC e d\u00favidas, pelo site.<\/p>\n<p class=\"MsoNormal\"><b>Dados pessoais<\/b> s\u00e3o quaisquer informa\u00e7\u00f5es que identifiquem, ou que possam identificar, uma pessoa natural, de forma direta ou indireta (nome, CPF, data de nascimento&#8230;);<\/p>\n<p class=\"MsoNormal\"><b>Dados pessoais<\/b> sens\u00edveis s\u00e3o informa\u00e7\u00f5es sobre origem racial ou \u00e9tnica, convic\u00e7\u00e3o religiosa, opini\u00e3o pol\u00edtica, filia\u00e7\u00e3o a sindicato ou a organiza\u00e7\u00e3o de car\u00e1ter religioso, filos\u00f3fico ou pol\u00edtico, dado referente \u00e0 sa\u00fade ou \u00e0 vida sexual, dado gen\u00e9tico ou biom\u00e9trico, se vinculados a uma pessoa natural;<\/p>\n<p class=\"MsoNormal\"><b>Titular<\/b> \u00e9 a pessoa natural a quem se referem os dados pessoais;<\/p>\n<p class=\"MsoNormal\"><b>Anonimiza\u00e7\u00e3o<\/b> \u00e9 a utiliza\u00e7\u00e3o de meios t\u00e9cnicos razo\u00e1veis e dispon\u00edveis no momento do tratamento, por meio dos quais um dado perde a possibilidade de associa\u00e7\u00e3o, direta ou indireta, a um indiv\u00edduo.<\/p>\n<p class=\"MsoNormal\"><b style=\"font-size: 1rem;\">Tratamento<\/b><span style=\"font-size: 1rem;\"> \u00e9 toda opera\u00e7\u00e3o realizada com dados pessoais, como as que se referem a coleta, produ\u00e7\u00e3o, recep\u00e7\u00e3o, classifica\u00e7\u00e3o, utiliza\u00e7\u00e3o acesso, reprodu\u00e7\u00e3o, transmiss\u00e3o, distribui\u00e7\u00e3o, processamento, arquivamento, armazenamento, elimina\u00e7\u00e3o, avalia\u00e7\u00e3o ou controle da informa\u00e7\u00e3o, modifica\u00e7\u00e3o, comunica\u00e7\u00e3o, transfer\u00eancia, difus\u00e3o ou extra\u00e7\u00e3o.<\/span><\/p>\n<p>\u00a0<\/p>\t\t\t\t\t\t\t\t<\/div>\n\t\t\t\t<\/div>\n\t\t\t\t<div class=\"elementor-element elementor-element-0bd8c9e elementor-widget elementor-widget-heading\" data-id=\"0bd8c9e\" data-element_type=\"widget\" data-e-type=\"widget\" data-widget_type=\"heading.default\">\n\t\t\t\t<div class=\"elementor-widget-container\">\n\t\t\t\t\t<h4 class=\"elementor-heading-title elementor-size-default\">I. A POL\u00cdTICA DE PRIVACIDADE E SEGURAN\u00c7A<\/h4>\t\t\t\t<\/div>\n\t\t\t\t<\/div>\n\t\t\t\t<div class=\"elementor-element elementor-element-d378361 elementor-widget elementor-widget-text-editor\" data-id=\"d378361\" data-element_type=\"widget\" data-e-type=\"widget\" data-widget_type=\"text-editor.default\">\n\t\t\t\t<div class=\"elementor-widget-container\">\n\t\t\t\t\t\t\t\t\t<p class=\"MsoNormal\">A Multipedras se compromete a garantir a privacidade, respeito e confidencialidade em rela\u00e7\u00e3o aos dados pessoais transmitidos pelos usu\u00e1rios, por qualquer meio, \u00e0 Multipedras.<\/p>\n<p class=\"MsoNormal\"><b>II. INFORMA\u00c7\u00d5ES <\/b><\/p>\n<p class=\"MsoNormal\">Todas as informa\u00e7\u00f5es que foram transmitidas \u00e0 Multipedras, voluntariamente, pelo usu\u00e1rio, estar\u00e3o garantidas por esta Pol\u00edtica de Privacidade. A Multipedras coletar\u00e1 dados do usu\u00e1rio por meio de: sites (e sites promocionais), formul\u00e1rios, intera\u00e7\u00f5es do usu\u00e1rio com propagandas da Multipedras. A rigor, os dados coletados s\u00e3o: nome, sobrenome, e-mail, CPF, RG, telefone, endere\u00e7o, informa\u00e7\u00f5es publicadas em perfis de usu\u00e1rios em redes sociais, cidade, estado, informa\u00e7\u00f5es enviadas por meio do preenchimento de formul\u00e1rios, como d\u00favidas, reclama\u00e7\u00f5es, sugest\u00f5es.<\/p>\n<p class=\"MsoNormal\">Ainda, poder\u00e3o ser coletados dados de geolocaliza\u00e7\u00e3o, quando o usu\u00e1rio acessar a Multipedras, prefer\u00eancias e interesses em rela\u00e7\u00e3o a produtos e servi\u00e7os, informa\u00e7\u00f5es sobre a visita do usu\u00e1rio \u00e0 Multipedras. A Multipedras n\u00e3o coleta Dados Pessoais Sens\u00edveis. Ademais, podem ser coletadas informa\u00e7\u00f5es acerca do navegador do usu\u00e1rio e dispositivo que usa, como o endere\u00e7o IP, localiza\u00e7\u00e3o e o endere\u00e7o do site a partir do qual o usu\u00e1rio chegou \u00e0 Multipedras.<\/p>\n<p class=\"MsoNormal\">H\u00e1 a possibilidade, ainda, de coleta autom\u00e1tica de dados, como por meio de cookies e links incorporados da web. Para acesso ao Servi\u00e7o de Atendimento ao Cliente (SAC) da Multipedras, dever\u00e3o ser informados: nome completo, endere\u00e7o residencial, e-mail, telefone. Poder\u00e3o ser coletados dados ao haver intera\u00e7\u00e3o do usu\u00e1rio com postagens da Multipedras em redes sociais, assim como por meio de outras intera\u00e7\u00f5es do usu\u00e1rio nessas redes.<\/p>\n<p class=\"MsoNormal\">Em caso de exist\u00eancia de dados que possam vir a gerar o risco de identifica\u00e7\u00e3o do titular dos dados, ainda que de forma indireta, s\u00e3o aplicadas t\u00e9cnicas de desidentifica\u00e7\u00e3o ou pseudonimiza\u00e7\u00e3o aos dados, tornando remota a probabilidade de que o titular do dado seja identificado. Outras informa\u00e7\u00f5es poder\u00e3o ser coletadas, no entanto, est\u00e1-se a tratar de informa\u00e7\u00f5es que n\u00e3o revelem a identidade do titular dos dados, ou que n\u00e3o s\u00e3o relacionadas a um indiv\u00edduo.<\/p>\n<p class=\"MsoNormal\"><b>III. UTILIZA\u00c7\u00c3O DAS INFORMA\u00c7\u00d5ES PESSOAIS <\/b><\/p>\n<p class=\"MsoNormal\">A Multipedras se compromete com seus usu\u00e1rios a somente utilizar as informa\u00e7\u00f5es fornecidas para fins de registro, al\u00e9m de realizar campanhas publicit\u00e1rias, promocionais, realiza\u00e7\u00e3o de relat\u00f3rios, como interesse, dados demogr\u00e1ficos, o comportamento do usu\u00e1rio. A busca pela otimiza\u00e7\u00e3o do direcionamento do conte\u00fado da Multipedras \u00e9 objetivo da coleta de dados, dado que se intenta ao oferecimento de melhores experi\u00eancias, com maior direcionamento, aos usu\u00e1rios.<\/p>\n<p class=\"MsoNormal\">Dessa maneira, pode-se elencar, como fins de uso dos dados pessoais coletados dos usu\u00e1rios pela Multipedras para: an\u00e1lise de prefer\u00eancias; personaliza\u00e7\u00e3o de necessidades; direcionar o conte\u00fado que seja adequado ao perfil do usu\u00e1rio; enviar publicidades e demais propagandas, promo\u00e7\u00f5es.<\/p>\n<p class=\"MsoNormal\">Al\u00e9m da coleta e utiliza\u00e7\u00e3o dos dados pessoais dos usu\u00e1rios, a Multipedras poder\u00e1 compartilhar esses dados com empresas que sejam respons\u00e1veis pelo marketing da Multipedras, bem como poss\u00edveis terceiros que tenham por incumb\u00eancia a elabora\u00e7\u00e3o de publicidades, envio de newsletter, entre outras atividades dessa natureza, indispens\u00e1veis ao posicionamento de mercado da Multipedras. Ressalta-se que as empresas e profissionais terceirizados da \u00e1rea de publicidade, propaganda e jornalismo eventualmente contratados pela Multipedras dever\u00e3o observar a pol\u00edtica de seguran\u00e7a, confidencialidade e tratamento de dados pessoais, de acordo com esta Pol\u00edtica de Privacidade.<\/p>\n<p class=\"MsoNormal\"><b>IV. DA ANONIMIZA\u00c7\u00c3O E DO TRATAMENTO <\/b><\/p>\n<p class=\"MsoNormal\">Anonimiza\u00e7\u00e3o \u00e9 a utiliza\u00e7\u00e3o de meios t\u00e9cnicos razo\u00e1veis e dispon\u00edveis no momento do tratamento, por meio dos quais um dado perde a possibilidade de associa\u00e7\u00e3o, direta ou indireta, a um indiv\u00edduo. Tratamento \u00e9 toda opera\u00e7\u00e3o realizada com dados pessoais, como as que se referem a coleta, produ\u00e7\u00e3o, recep\u00e7\u00e3o, classifica\u00e7\u00e3o, utiliza\u00e7\u00e3o, acesso, reprodu\u00e7\u00e3o, transmiss\u00e3o, distribui\u00e7\u00e3o, processamento, arquivamento, armazenamento, elimina\u00e7\u00e3o, avalia\u00e7\u00e3o ou controle da informa\u00e7\u00e3o, modifica\u00e7\u00e3o, comunica\u00e7\u00e3o, transfer\u00eancia, difus\u00e3o ou extra\u00e7\u00e3o.<\/p>\n<p class=\"MsoNormal\">Isso importa porque, ao enviar qualquer dado, pelos meios anteriormente elencados, \u00e0 Multipedras, o usu\u00e1rio se declara ciente de que a empresa poder\u00e1 anonimizar os dados pessoais de sua titularidade. O usu\u00e1rio tamb\u00e9m se declara ciente, ao enviar dados pessoais \u00e0 Multipedras, de que seus dados pessoais poder\u00e3o ser tratados de acordo com os interesses da Multipedras, em conformidade com a Lei Geral de Prote\u00e7\u00e3o de Dados.<\/p>\n<p class=\"MsoNormal\">Por fim, destaca-se que, conforme a legisla\u00e7\u00e3o aplic\u00e1vel, dados pessoais que forem anonimizados poder\u00e3o ser coletados, tratados, armazenados, utilizados, transferidos e divulgados, para qualquer finalidade, independentemente de autoriza\u00e7\u00e3o do titular.<\/p>\n<p class=\"MsoNormal\"><b>V. COOKIES <\/b><\/p>\n<p class=\"MsoNormal\">Cookies s\u00e3o pequenos arquivos de texto que s\u00e3o armazenados no navegador, quando o usu\u00e1rio visita um site, e eles registram a identidade do usu\u00e1rio, al\u00e9m de armazenar dados de navega\u00e7\u00e3o, como prefer\u00eancias, localiza\u00e7\u00e3o e frequ\u00eancia de cliques.<\/p>\n<p class=\"MsoNormal\">H\u00e1 locais do site que demandam a habilita\u00e7\u00e3o dos cookies, dado que determinadas fun\u00e7\u00f5es do site requerem essa habilita\u00e7\u00e3o para que funcionem.<\/p>\n<p class=\"MsoNormal\">A utiliza\u00e7\u00e3o de cookies visa a permitir que a Multipedras ofere\u00e7a uma experi\u00eancia mais apurada e personalizada para o usu\u00e1rio, haja vista permitir que a Multipedras (1) conhe\u00e7a melhor o usu\u00e1rio; (2) possa oferecer experi\u00eancias mais assertivas \u00e0 necessidade de cada usu\u00e1rio; (3) possa conhecer a configura\u00e7\u00e3o pessoal do site que o usu\u00e1rio especifica; (4) calcule o n\u00famero de acessos ao site; (5) estabele\u00e7a par\u00e2metros de tr\u00e1fego.<\/p>\n<p class=\"MsoNormal\"><b>A Multipedras utiliza cookies: <\/b><\/p>\n<p class=\"MsoNormal\"><span style=\"font-family: Symbol; mso-ascii-font-family: Aptos; mso-ascii-theme-font: minor-latin; mso-hansi-font-family: Aptos; mso-hansi-theme-font: minor-latin; mso-char-type: symbol; mso-symbol-font-family: Symbol;\">\u00de<\/span> Cookies de sess\u00e3o: S\u00e3o arquivos de texto tempor\u00e1rios que armazenam informa\u00e7\u00f5es sobre a sess\u00e3o do usu\u00e1rio em um site. Eles s\u00e3o exclu\u00eddos quando o navegador \u00e9 fechado.<\/p>\n<p class=\"MsoNormal\"><span style=\"font-family: Symbol; mso-ascii-font-family: Aptos; mso-ascii-theme-font: minor-latin; mso-hansi-font-family: Aptos; mso-hansi-theme-font: minor-latin; mso-char-type: symbol; mso-symbol-font-family: Symbol;\">\u00de<\/span> Cookies persistentes: S\u00e3o arquivos de dados que permanecem no dispositivo do usu\u00e1rio por um per\u00edodo espec\u00edfico ou at\u00e9 serem exclu\u00eddos. Eles fornecem aos sites as prefer\u00eancias, configura\u00e7\u00f5es e informa\u00e7\u00f5es do usu\u00e1rio para futuras visitas.<\/p>\n<p class=\"MsoNormal\"><span style=\"font-family: Symbol; mso-ascii-font-family: Aptos; mso-ascii-theme-font: minor-latin; mso-hansi-font-family: Aptos; mso-hansi-theme-font: minor-latin; mso-char-type: symbol; mso-symbol-font-family: Symbol;\">\u00de<\/span> Cookies necess\u00e1rios: S\u00e3o essenciais para o funcionamento eficaz de um site. Eles mant\u00eam a conta de um servi\u00e7o ativa, salvam itens no carrinho de compras e aumentam a seguran\u00e7a do site.<\/p>\n<p class=\"MsoNormal\"><span style=\"font-family: Symbol; mso-ascii-font-family: Aptos; mso-ascii-theme-font: minor-latin; mso-hansi-font-family: Aptos; mso-hansi-theme-font: minor-latin; mso-char-type: symbol; mso-symbol-font-family: Symbol;\">\u00de<\/span> Cookies propriet\u00e1rios: S\u00e3o definidos pelo pr\u00f3prio site que o usu\u00e1rio est\u00e1 visitando. Eles coletam informa\u00e7\u00f5es dos usu\u00e1rios\/visitantes na plataforma para consumo pr\u00f3prio.<\/p>\n<p class=\"MsoNormal\"><span style=\"font-family: Symbol; mso-ascii-font-family: Aptos; mso-ascii-theme-font: minor-latin; mso-hansi-font-family: Aptos; mso-hansi-theme-font: minor-latin; mso-char-type: symbol; mso-symbol-font-family: Symbol;\">\u00de<\/span> Cookies de publicidade: S\u00e3o usados para apresentar an\u00fancios mais relevantes para cada usu\u00e1rio e coletar dados de desempenho da publicidade. Eles permitem a identifica\u00e7\u00e3o do usu\u00e1rio, a constru\u00e7\u00e3o de perfis e a exibi\u00e7\u00e3o de an\u00fancios personalizados de acordo com os interesses do usu\u00e1rio.<\/p>\n<p class=\"MsoNormal\"><span style=\"font-family: Symbol; mso-ascii-font-family: Aptos; mso-ascii-theme-font: minor-latin; mso-hansi-font-family: Aptos; mso-hansi-theme-font: minor-latin; mso-char-type: symbol; mso-symbol-font-family: Symbol;\">\u00de<\/span> Cookies de funcionalidade: Permitem que um site se lembre das escolhas que o usu\u00e1rio realizou (como o nome de usu\u00e1rio, idioma ou a regi\u00e3o em que o usu\u00e1rio est\u00e1) e forne\u00e7a recursos aprimorados e mais pessoais.<\/p>\n<p class=\"MsoNormal\"><b>VI. PARA O USU\u00c1RIO <\/b><\/p>\n<p class=\"MsoNormal\">O usu\u00e1rio poder\u00e1, sempre que julgar conveniente, requerer a confirma\u00e7\u00e3o de seus dados pessoais est\u00e3o dispon\u00edveis para a empresa trata-los, e tamb\u00e9m ter acesso aos dados pr\u00f3prios do titular, bem como requisitar corre\u00e7\u00f5es, complementa\u00e7\u00f5es, anonimiza\u00e7\u00e3o, bloqueio, elimina\u00e7\u00e3o de dados desnecess\u00e1rios, em desconformidade com a Lei Geral de Prote\u00e7\u00e3o de Dados ou tratados em desconformidade com a autoriza\u00e7\u00e3o dada pelo seu titular, portabilidade de dados pessoais para outra empresa (desde que n\u00e3o fira a privacidade que atina \u00e0 empresa), revoga\u00e7\u00e3o do consentimento dado anteriormente.<\/p>\n<p class=\"MsoNormal\">Por outro lado, \u00e9 permitido \u00e0 Multipedras garantir a identidade do requerente antes do atendimento de qualquer requerimento. O requerimento do titular garante que ele ser\u00e1 atendido, mas n\u00e3o garante o atendimento de imediato<\/p>\n<p class=\"MsoNormal\"><b>VII. HIPERLINKS <\/b><\/p>\n<p class=\"MsoNormal\">Hiperlink \u00e9 um elemento clic\u00e1vel em um documento digital, ou um site, que conecta diferentes partes da web, permitindo que usu\u00e1rios acessem outra p\u00e1gina da internet ou outro recurso, facilitando conex\u00f5es e acesso a informa\u00e7\u00f5es. Sabendo disso, fica expresso que a Multipedras poder\u00e1, eventualmente, possuir hiperlinks em seu site, de modo a redirecionar usu\u00e1rios para outros sites, redes sociais ou parceiros.<\/p>\n<p class=\"MsoNormal\">Ao clicar em um hiperlink no site Multipedras, o usu\u00e1rio se admite ciente de que cada local da web possui sua pr\u00f3pria pol\u00edtica de privacidade, o que isenta a Multipedras de qualquer tipo de responsabiliza\u00e7\u00e3o pelo uso de dados de usu\u00e1rios, ao serem redirecionados a outros locais da web por meio de hiperlinks.<\/p>\n<p class=\"MsoNormal\"><b>VIII. PROTE\u00c7\u00c3O \u00c0 INFORMA\u00c7\u00c3O <\/b><\/p>\n<p class=\"MsoNormal\">A Multipedras alerta o usu\u00e1rio que jamais solicitar\u00e1 dados cadastrais ou financeiro por liga\u00e7\u00e3o ou mensagem e, por isso, o usu\u00e1rio \u00e9 o respons\u00e1vel por manter o sigilo de seus dados pessoais. A Multipedras jamais solicitar\u00e1 dados pessoais sens\u00edveis. Inesperada e indesej\u00e1vel invas\u00e3o ao site, que enseje a quebra da confidencialidade dos dados armazenados por terceiros n\u00e3o autorizados n\u00e3o s\u00e3o de responsabilidade da Multipedras, motivo pelo qual a empresa n\u00e3o ser\u00e1 respons\u00e1vel por perdas de dados pessoais do usu\u00e1rio, inclusive se decorrentes de caso fortuito ou for\u00e7a maior.<\/p>\n<p class=\"MsoNormal\"><b>IX. ACEITA\u00c7\u00c3O DOS TERMOS DE USO <\/b><\/p>\n<p class=\"MsoNormal\">O usu\u00e1rio, ao preencher qualquer formul\u00e1rio, on-line ou off-line, contratar um servi\u00e7o ou adquirir algum produto da Multipedras, se declara ciente, tendo, assim, anu\u00eddo expressamente com os termos desta Pol\u00edtica de Privacidade. Se o usu\u00e1rio entender que n\u00e3o est\u00e1 de acordo com estes termos, n\u00e3o dever\u00e1 fornecer nenhum dado pessoal \u00e0 Multipedras. Aceitando os termos de uso, o usu\u00e1rio fica respons\u00e1vel por cuidar de seus dados pessoais, tomando cuidado para somente fornecer seus dados em locais nos quais haja prote\u00e7\u00e3o aos dados. O usu\u00e1rio se compromete a somente fornecer informa\u00e7\u00f5es verdadeiras, bem como dever\u00e1 cumprir, rigorosamente, esta Pol\u00edtica de Privacidade.<\/p>\n<p class=\"MsoNormal\"><b>X. EVENTUAIS ALTERA\u00c7\u00d5ES <\/b><\/p>\n<p class=\"MsoNormal\">Esta Pol\u00edtica de Privacidade poder\u00e1, a qualquer tempo, ser alterada, de forma unilateral, pela Multipedras, sem aviso pr\u00e9vio ou consentimento dos titulares de dados outrora fornecidos. A Multipedras se compromete, para tanto, a veicular, imediatamente, quaisquer altera\u00e7\u00f5es, no mesmo local no qual esta Pol\u00edtica de Privacidade se encontra.<\/p>\n<p class=\"MsoNormal\">\u00a0<\/p>\n<p class=\"MsoNormal\">Em caso de d\u00favidas acerca da Pol\u00edtica de Privacidade e Termos de Uso da Multipedras, qualquer titular poder\u00e1 entrar em contato com a empresa pelo e-mail contato@multipedras.com.br ou pelo telefone (62) 3259-8949.<\/p>\n<p>\u00a0<\/p>\t\t\t\t\t\t\t\t<\/div>\n\t\t\t\t<\/div>\n\t\t\t\t\t<\/div>\n\t\t<\/div>\n\t\t\t\t\t<\/div>\n\t\t<\/section>\n\t\t\t\t<\/div>\n\t\t","protected":false},"excerpt":{"rendered":"<p>Pol\u00edtica de Privacidade A Multipedras, pessoa jur\u00eddica de direito privado, inscrita no CNPJ sob o n\u00ba 04.681.814\/0001-90, nos preocupamos e cuidamos da sua privacidade, e tudo isso de acordo com as normas da Lei Geral de Prote\u00e7\u00e3o de Dados (Lei n\u00ba 13.709, de 14 de agosto de 2018). Assim, estabelecemos esta pol\u00edtica de privacidade, enquanto [&hellip;]<\/p>\n","protected":false},"author":3,"featured_media":0,"parent":0,"menu_order":0,"comment_status":"closed","ping_status":"open","template":"","meta":{"_joinchat":[],"footnotes":""},"class_list":["post-3","page","type-page","status-publish","hentry"],"_links":{"self":[{"href":"https:\/\/multipedras.com.br\/index.php?rest_route=\/wp\/v2\/pages\/3","targetHints":{"allow":["GET"]}}],"collection":[{"href":"https:\/\/multipedras.com.br\/index.php?rest_route=\/wp\/v2\/pages"}],"about":[{"href":"https:\/\/multipedras.com.br\/index.php?rest_route=\/wp\/v2\/types\/page"}],"author":[{"embeddable":true,"href":"https:\/\/multipedras.com.br\/index.php?rest_route=\/wp\/v2\/users\/3"}],"replies":[{"embeddable":true,"href":"https:\/\/multipedras.com.br\/index.php?rest_route=%2Fwp%2Fv2%2Fcomments&post=3"}],"version-history":[{"count":29,"href":"https:\/\/multipedras.com.br\/index.php?rest_route=\/wp\/v2\/pages\/3\/revisions"}],"predecessor-version":[{"id":5514,"href":"https:\/\/multipedras.com.br\/index.php?rest_route=\/wp\/v2\/pages\/3\/revisions\/5514"}],"wp:attachment":[{"href":"https:\/\/multipedras.com.br\/index.php?rest_route=%2Fwp%2Fv2%2Fmedia&parent=3"}],"curies":[{"name":"wp","href":"https:\/\/api.w.org\/{rel}","templated":true}]}}